{"id":119,"date":"2023-08-24T23:00:07","date_gmt":"2023-08-24T23:00:07","guid":{"rendered":"https:\/\/gtminug.com\/?page_id=119"},"modified":"2025-08-26T01:27:03","modified_gmt":"2025-08-26T01:27:03","slug":"edicion-2022","status":"publish","type":"page","link":"https:\/\/gtminug.com\/index.php\/edicion-2022\/","title":{"rendered":"EDICI\u00d3N 2022"},"content":{"rendered":"\n<div class=\"wp-block-cover\"><img loading=\"lazy\" decoding=\"async\" width=\"1024\" height=\"683\" class=\"wp-block-cover__image-background wp-image-609 size-large\" alt=\"\" src=\"https:\/\/gtminug.com\/wp-content\/uploads\/2025\/08\/DCE_img_FacudePoliticas_ModelodeNacionesUnidas_EG_22_1_37-1024x683.jpg\" data-object-fit=\"cover\" srcset=\"https:\/\/gtminug.com\/wp-content\/uploads\/2025\/08\/DCE_img_FacudePoliticas_ModelodeNacionesUnidas_EG_22_1_37-1024x683.jpg 1024w, https:\/\/gtminug.com\/wp-content\/uploads\/2025\/08\/DCE_img_FacudePoliticas_ModelodeNacionesUnidas_EG_22_1_37-300x200.jpg 300w, https:\/\/gtminug.com\/wp-content\/uploads\/2025\/08\/DCE_img_FacudePoliticas_ModelodeNacionesUnidas_EG_22_1_37-768x512.jpg 768w, https:\/\/gtminug.com\/wp-content\/uploads\/2025\/08\/DCE_img_FacudePoliticas_ModelodeNacionesUnidas_EG_22_1_37-1536x1024.jpg 1536w, https:\/\/gtminug.com\/wp-content\/uploads\/2025\/08\/DCE_img_FacudePoliticas_ModelodeNacionesUnidas_EG_22_1_37-2048x1365.jpg 2048w\" sizes=\"auto, (max-width: 1024px) 100vw, 1024px\" \/><span aria-hidden=\"true\" class=\"wp-block-cover__background has-background-dim\" style=\"background-color:#726561\"><\/span><div class=\"wp-block-cover__inner-container has-global-padding is-layout-constrained wp-block-cover-is-layout-constrained\">\n<p class=\"has-text-align-center has-x-large-font-size\">&#8220;<strong>Fortalecer los medios de implementaci\u00f3n y revitalizar la Alianza Mundial para el Desarrollo Sostenible<\/strong>&#8220;<\/p>\n<\/div><\/div>\n\n\n\n<p class=\"has-text-align-center has-foreground-color has-text-color has-link-color wp-elements-fac19be05e07fe713f0feb4ace5bcdc4\" style=\"font-size:clamp(14.642px, 0.915rem + ((1vw - 3.2px) * 0.766), 22px);\"><strong>ODS 7 Alianzas para Lograr\u00a0los\u00a0Objetivos<\/strong><\/p>\n\n\n\n<figure class=\"wp-block-table is-style-stripes\" style=\"font-style:normal;font-weight:500\"><table class=\"has-foreground-color has-text-color has-background has-link-color has-fixed-layout\" style=\"background-color:#bacbe7;border-style:none;border-width:0px\"><thead><tr><th class=\"has-text-align-left\" data-align=\"left\"><\/th><th>SECRETARIADO 2021-2022<\/th><th><\/th><\/tr><\/thead><tbody><tr><td class=\"has-text-align-left\" data-align=\"left\">Secretar\u00eda General<\/td><td><strong>Secretar\u00eda de Finanzas<\/strong><\/td><td>Secretar\u00eda de Protocolo<\/td><\/tr><tr><td class=\"has-text-align-left\" data-align=\"left\">Mariana Alejandra Molina Valdez &#8211; <strong>Secretaria General<\/strong><br>G\u00e9nesis Nathalia Montealegre Zac &#8211; <strong>Secretaria General Adjunto<\/strong><\/td><td>Mario Fernando Mart\u00ednez &#8211; <strong>Secretario de Finanzas<\/strong><\/td><td>Flor de Mar\u00eda Osorio &#8211; <strong>Secretaria de Protocolo<\/strong><\/td><\/tr><tr><td class=\"has-text-align-left\" data-align=\"left\">Secretar\u00eda de Comunicaciones<\/td><td>Secretar\u00eda Acad\u00e9mica<\/td><td>Secretar\u00eda de Relaciones P\u00fablicas<\/td><\/tr><tr><td class=\"has-text-align-left\" data-align=\"left\">Katherine Orozco &#8211; <strong>Secretaria de Comunicaciones<\/strong><\/td><td>Santos Mendez Perez &#8211; <strong>Secretario Acad\u00e9mico<\/strong><br>Melissa Alonso &#8211; <strong>Secretaria Acad\u00e9mica Adjunta<br><\/strong>Luis Eduardo Ortiz &#8211; <strong>Secretario Acad\u00e9mico Adjunto<\/strong><br>Emilio Palala &#8211; <strong>Secretario Acad\u00e9mico Adjunt<\/strong>o<br>Susana V\u00e9liz &#8211; <strong>Secretaria Acad\u00e9mica Adjunta<\/strong><br>Arasol Ruiz Morales &#8211; <strong>Secretaria Acad\u00e9mica Adjunta<\/strong><\/td><td>Marian S\u00e1nchez &#8211; <strong>Secretaria de Relaciones P\u00fablicas<\/strong><br>Sabrina Monroy &#8211; <strong>Secretaria de Relaciones P\u00fablicas<\/strong><br>Melany Cabrera &#8211; <strong>Secretaria de Relaciones P\u00fablicas<\/strong><\/td><\/tr><\/tbody><\/table><\/figure>\n\n\n\n<p class=\"has-medium-font-size\"><\/p>\n\n\n\n<div class=\"wp-block-columns is-layout-flex wp-container-core-columns-is-layout-28f84493 wp-block-columns-is-layout-flex\">\n<div class=\"wp-block-column is-layout-flow wp-block-column-is-layout-flow\">\n<figure class=\"wp-block-image size-large\"><img loading=\"lazy\" decoding=\"async\" width=\"1024\" height=\"683\" src=\"https:\/\/gtminug.com\/wp-content\/uploads\/2025\/08\/DCE_img_FacudePoliticas_ModelodeNacionesUnidas_EG_22_1_45-1024x683.jpg\" alt=\"\" class=\"wp-image-610\" srcset=\"https:\/\/gtminug.com\/wp-content\/uploads\/2025\/08\/DCE_img_FacudePoliticas_ModelodeNacionesUnidas_EG_22_1_45-1024x683.jpg 1024w, https:\/\/gtminug.com\/wp-content\/uploads\/2025\/08\/DCE_img_FacudePoliticas_ModelodeNacionesUnidas_EG_22_1_45-300x200.jpg 300w, https:\/\/gtminug.com\/wp-content\/uploads\/2025\/08\/DCE_img_FacudePoliticas_ModelodeNacionesUnidas_EG_22_1_45-768x512.jpg 768w, https:\/\/gtminug.com\/wp-content\/uploads\/2025\/08\/DCE_img_FacudePoliticas_ModelodeNacionesUnidas_EG_22_1_45-1536x1024.jpg 1536w, https:\/\/gtminug.com\/wp-content\/uploads\/2025\/08\/DCE_img_FacudePoliticas_ModelodeNacionesUnidas_EG_22_1_45-2048x1365.jpg 2048w\" sizes=\"auto, (max-width: 1024px) 100vw, 1024px\" \/><\/figure>\n<\/div>\n\n\n\n<div class=\"wp-block-column is-layout-flow wp-block-column-is-layout-flow\">\n<figure class=\"wp-block-image size-large\"><img loading=\"lazy\" decoding=\"async\" width=\"1024\" height=\"683\" src=\"https:\/\/gtminug.com\/wp-content\/uploads\/2025\/08\/DCE_img_FacudePoliticas_ModelodeNacionesUnidas_EG_22__37-1024x683.jpg\" alt=\"\" class=\"wp-image-611\" srcset=\"https:\/\/gtminug.com\/wp-content\/uploads\/2025\/08\/DCE_img_FacudePoliticas_ModelodeNacionesUnidas_EG_22__37-1024x683.jpg 1024w, https:\/\/gtminug.com\/wp-content\/uploads\/2025\/08\/DCE_img_FacudePoliticas_ModelodeNacionesUnidas_EG_22__37-300x200.jpg 300w, https:\/\/gtminug.com\/wp-content\/uploads\/2025\/08\/DCE_img_FacudePoliticas_ModelodeNacionesUnidas_EG_22__37-768x512.jpg 768w, https:\/\/gtminug.com\/wp-content\/uploads\/2025\/08\/DCE_img_FacudePoliticas_ModelodeNacionesUnidas_EG_22__37-1536x1024.jpg 1536w, https:\/\/gtminug.com\/wp-content\/uploads\/2025\/08\/DCE_img_FacudePoliticas_ModelodeNacionesUnidas_EG_22__37-2048x1365.jpg 2048w\" sizes=\"auto, (max-width: 1024px) 100vw, 1024px\" \/><\/figure>\n<\/div>\n\n\n\n<div class=\"wp-block-column is-layout-flow wp-block-column-is-layout-flow\">\n<figure class=\"wp-block-image size-large\"><img loading=\"lazy\" decoding=\"async\" width=\"1024\" height=\"683\" src=\"https:\/\/gtminug.com\/wp-content\/uploads\/2025\/08\/DCE_img_FacudePoliticas_ModelodeNacionesUnidas_EG_22__71-1024x683.jpg\" alt=\"\" class=\"wp-image-612\" srcset=\"https:\/\/gtminug.com\/wp-content\/uploads\/2025\/08\/DCE_img_FacudePoliticas_ModelodeNacionesUnidas_EG_22__71-1024x683.jpg 1024w, https:\/\/gtminug.com\/wp-content\/uploads\/2025\/08\/DCE_img_FacudePoliticas_ModelodeNacionesUnidas_EG_22__71-300x200.jpg 300w, https:\/\/gtminug.com\/wp-content\/uploads\/2025\/08\/DCE_img_FacudePoliticas_ModelodeNacionesUnidas_EG_22__71-768x512.jpg 768w, https:\/\/gtminug.com\/wp-content\/uploads\/2025\/08\/DCE_img_FacudePoliticas_ModelodeNacionesUnidas_EG_22__71-1536x1024.jpg 1536w, https:\/\/gtminug.com\/wp-content\/uploads\/2025\/08\/DCE_img_FacudePoliticas_ModelodeNacionesUnidas_EG_22__71-2048x1365.jpg 2048w\" sizes=\"auto, (max-width: 1024px) 100vw, 1024px\" \/><\/figure>\n<\/div>\n<\/div>\n\n\n\n<div class=\"wp-block-columns is-layout-flex wp-container-core-columns-is-layout-28f84493 wp-block-columns-is-layout-flex\">\n<div class=\"wp-block-column is-layout-flow wp-block-column-is-layout-flow\">\n<div data-wp-interactive=\"core\/file\" class=\"wp-block-file\"><object data-wp-bind--hidden=\"!state.hasPdfPreview\" hidden class=\"wp-block-file__embed\" data=\"https:\/\/gtminug.com\/wp-content\/uploads\/2023\/08\/Informe-Final-MINUG-2022.pdf\" type=\"application\/pdf\" style=\"width:100%;height:600px\" aria-label=\"Embed of Informe-Final-MINUG-2022.\"><\/object><a id=\"wp-block-file--media-1a191e3b-4898-4c97-baf6-c85b55fdd0a4\" href=\"https:\/\/gtminug.com\/wp-content\/uploads\/2023\/08\/Informe-Final-MINUG-2022.pdf\">Informe-Final-MINUG-2022<\/a><a href=\"https:\/\/gtminug.com\/wp-content\/uploads\/2023\/08\/Informe-Final-MINUG-2022.pdf\" class=\"wp-block-file__button wp-element-button\" download aria-describedby=\"wp-block-file--media-1a191e3b-4898-4c97-baf6-c85b55fdd0a4\">Descarga<\/a><\/div>\n<\/div>\n<\/div>\n","protected":false},"excerpt":{"rendered":"<p>ODS 7 Alianzas para Lograr\u00a0los\u00a0Objetivos SECRETARIADO 2021-2022 Secretar\u00eda General Secretar\u00eda de Finanzas Secretar\u00eda de Protocolo Mariana Alejandra Molina Valdez &#8211; Secretaria GeneralG\u00e9nesis Nathalia Montealegre Zac &#8211; Secretaria General Adjunto Mario Fernando Mart\u00ednez &#8211; Secretario de Finanzas Flor de Mar\u00eda Osorio &#8211; Secretaria de Protocolo Secretar\u00eda de Comunicaciones Secretar\u00eda Acad\u00e9mica Secretar\u00eda de Relaciones P\u00fablicas Katherine Orozco [&hellip;]<\/p>\n","protected":false},"author":1,"featured_media":0,"parent":0,"menu_order":0,"comment_status":"closed","ping_status":"closed","template":"","meta":{"_monsterinsights_skip_tracking":false,"_monsterinsights_sitenote_active":false,"_monsterinsights_sitenote_note":"","_monsterinsights_sitenote_category":0,"footnotes":""},"class_list":["post-119","page","type-page","status-publish","hentry"],"_links":{"self":[{"href":"https:\/\/gtminug.com\/index.php\/wp-json\/wp\/v2\/pages\/119","targetHints":{"allow":["GET"]}}],"collection":[{"href":"https:\/\/gtminug.com\/index.php\/wp-json\/wp\/v2\/pages"}],"about":[{"href":"https:\/\/gtminug.com\/index.php\/wp-json\/wp\/v2\/types\/page"}],"author":[{"embeddable":true,"href":"https:\/\/gtminug.com\/index.php\/wp-json\/wp\/v2\/users\/1"}],"replies":[{"embeddable":true,"href":"https:\/\/gtminug.com\/index.php\/wp-json\/wp\/v2\/comments?post=119"}],"version-history":[{"count":10,"href":"https:\/\/gtminug.com\/index.php\/wp-json\/wp\/v2\/pages\/119\/revisions"}],"predecessor-version":[{"id":615,"href":"https:\/\/gtminug.com\/index.php\/wp-json\/wp\/v2\/pages\/119\/revisions\/615"}],"wp:attachment":[{"href":"https:\/\/gtminug.com\/index.php\/wp-json\/wp\/v2\/media?parent=119"}],"curies":[{"name":"wp","href":"https:\/\/api.w.org\/{rel}","templated":true}]}}