{"id":121,"date":"2023-08-24T23:23:36","date_gmt":"2023-08-24T23:23:36","guid":{"rendered":"https:\/\/gtminug.com\/?page_id=121"},"modified":"2025-08-26T03:00:40","modified_gmt":"2025-08-26T03:00:40","slug":"edicion-2023","status":"publish","type":"page","link":"https:\/\/gtminug.com\/index.php\/edicion-2023\/","title":{"rendered":"EDICI\u00d3N 2023"},"content":{"rendered":"\n<div class=\"wp-block-cover\" style=\"min-height:100vh;aspect-ratio:unset;\"><img loading=\"lazy\" decoding=\"async\" width=\"1024\" height=\"1024\" class=\"wp-block-cover__image-background wp-image-87 size-large\" alt=\"\" src=\"https:\/\/gtminug.com\/wp-content\/uploads\/2023\/07\/348638999_706077261286261_4453949978028264498_n-1024x1024.jpg\" data-object-fit=\"cover\" srcset=\"https:\/\/gtminug.com\/wp-content\/uploads\/2023\/07\/348638999_706077261286261_4453949978028264498_n-1024x1024.jpg 1024w, https:\/\/gtminug.com\/wp-content\/uploads\/2023\/07\/348638999_706077261286261_4453949978028264498_n-300x300.jpg 300w, https:\/\/gtminug.com\/wp-content\/uploads\/2023\/07\/348638999_706077261286261_4453949978028264498_n-150x150.jpg 150w, https:\/\/gtminug.com\/wp-content\/uploads\/2023\/07\/348638999_706077261286261_4453949978028264498_n-768x768.jpg 768w, https:\/\/gtminug.com\/wp-content\/uploads\/2023\/07\/348638999_706077261286261_4453949978028264498_n.jpg 1440w\" sizes=\"auto, (max-width: 1024px) 100vw, 1024px\" \/><span aria-hidden=\"true\" class=\"wp-block-cover__background has-background-dim\" style=\"background-color:#79746b\"><\/span><div class=\"wp-block-cover__inner-container has-global-padding is-layout-constrained wp-block-cover-is-layout-constrained\">\n<p class=\"has-text-align-center has-white-color has-text-color has-link-color has-x-large-font-size wp-elements-d9917ce0dcac581b319dbcc5c6cd1a22\"><strong>&#8220;Creando el futuro que queremos: construyendo una agenda global para la transformaci\u00f3n y el bienestar&#8221;<\/strong><\/p>\n<\/div><\/div>\n\n\n\n<p class=\"has-text-align-center has-foreground-color has-text-color has-link-color wp-elements-06e98317b4da063bc8d44a84bf1efbf9\" style=\"font-size:clamp(14.642px, 0.915rem + ((1vw - 3.2px) * 0.766), 22px);\"><strong>ODS: 4 Garantizar una&nbsp;educaci\u00f3n&nbsp;inclusiva, equitativa y de&nbsp;calidad&nbsp;y promover oportunidades de aprendizaje durante toda la vida para todos.<\/strong><\/p>\n\n\n\n<figure class=\"wp-block-table is-style-stripes\" style=\"font-style:normal;font-weight:500\"><table class=\"has-foreground-color has-text-color has-background has-link-color has-fixed-layout\" style=\"background-color:#bacbe7;border-style:none;border-width:0px\"><thead><tr><th class=\"has-text-align-left\" data-align=\"left\"><\/th><th>SECRETARIADO 2022-2023<\/th><th><\/th><\/tr><\/thead><tbody><tr><td class=\"has-text-align-left\" data-align=\"left\">Secretar\u00eda General<\/td><td><strong>Secretar\u00eda de Finanzas<\/strong><\/td><td>Secretar\u00eda de Protocolo<\/td><\/tr><tr><td class=\"has-text-align-left\" data-align=\"left\">Carlos C\u00e9sar Montepeque Castellanos &#8211; <strong>Secretario General<\/strong><br>Frida Sarah\u00ed Ch\u00e1vez Bardales &#8211; <strong>Secretaria General Adjunta<\/strong><\/td><td>Mario Fernando Mart\u00ednez &#8211; <strong>Secretario de Finanzas<\/strong><\/td><td>Gabriela Lisbeth M\u00e1rquez Marroqu\u00edn &#8211; <strong>Secretaria Titutar <\/strong><br>Henry Dhenilson Emanuel Orozco de Le\u00f3n &#8211; <strong>Secretario  Adjunto<\/strong><br>Valerye Andrea L\u00f3pez Revolorio &#8211; <strong>Secretaria  Adjunta<\/strong><br>Miguel \u00c1ngel Alvarado Garc\u00eda &#8211; <strong>Apoyo de Log\u00edsitica<\/strong><\/td><\/tr><tr><td class=\"has-text-align-left\" data-align=\"left\">Secretar\u00eda de Comunicaciones<\/td><td>Secretar\u00eda Acad\u00e9mica<\/td><td>Secretar\u00eda de Relaciones P\u00fablicas<\/td><\/tr><tr><td class=\"has-text-align-left\" data-align=\"left\">Cielo Polanco L\u00f3pez &#8211; <strong>Secretaria <\/strong>Adjunta<br>Kimberly Moncerrath Paz Cardona &#8211; <strong>Dise\u00f1o<\/strong><\/td><td>Enma Virginia Nohem\u00ed P\u00e9rez Sarat &#8211; <strong>Secretaria  T\u00edtula<\/strong>r<br>Mar\u00eda Gabriela Gonz\u00e1lez Bran &#8211; <strong>Secretaria  Adjunt<\/strong>a<br>Eddy Emmanuel Batzin Villatoro &#8211; <strong>Secretario  Adjunto<\/strong><br>Fernando Cruz Alf\u00e9rez &#8211; <strong>Secretario Adjunto<\/strong><br>Jos\u00e9 Rodrigo Palacios Lemus &#8211; <strong>Secretario Adjunto<\/strong><br>Kattya Maryheli S\u00e1nchez Alfaro &#8211; <strong>Secretaria  Adjunta<\/strong><br>Alondra Rocio Cruz Pacheco &#8211; <strong>Secretaria Adjunta<\/strong><br>Patricia Clara Luz Pol Castro &#8211; <strong>STAFF<\/strong><\/td><td>Evelyn Marlene Ru\u00edz &#8211; <strong>Secretaria Titular<\/strong><br>Miguel Angel Molina Espinoza &#8211; <strong>Secretario <\/strong> <strong>Adjunto<\/strong> <strong>       <\/strong><\/td><\/tr><\/tbody><\/table><\/figure>\n\n\n\n<p class=\"has-medium-font-size\">Edgar Rodolfo Sagastume Ju\u00e1rez &#8211; <strong>Secretario T\u00edtular de Inform\u00e1tica<\/strong><\/p>\n\n\n\n<div class=\"wp-block-columns is-layout-flex wp-container-core-columns-is-layout-28f84493 wp-block-columns-is-layout-flex\">\n<div class=\"wp-block-column is-layout-flow wp-block-column-is-layout-flow\">\n<figure class=\"wp-block-image size-large\"><img loading=\"lazy\" decoding=\"async\" width=\"1024\" height=\"576\" src=\"https:\/\/gtminug.com\/wp-content\/uploads\/2025\/08\/IMG_3522-1024x576.jpg\" alt=\"\" class=\"wp-image-618\" srcset=\"https:\/\/gtminug.com\/wp-content\/uploads\/2025\/08\/IMG_3522-1024x576.jpg 1024w, https:\/\/gtminug.com\/wp-content\/uploads\/2025\/08\/IMG_3522-300x169.jpg 300w, https:\/\/gtminug.com\/wp-content\/uploads\/2025\/08\/IMG_3522-768x432.jpg 768w, https:\/\/gtminug.com\/wp-content\/uploads\/2025\/08\/IMG_3522-1536x864.jpg 1536w, https:\/\/gtminug.com\/wp-content\/uploads\/2025\/08\/IMG_3522-2048x1152.jpg 2048w\" sizes=\"auto, (max-width: 1024px) 100vw, 1024px\" \/><\/figure>\n<\/div>\n\n\n\n<div class=\"wp-block-column is-layout-flow wp-block-column-is-layout-flow\">\n<figure class=\"wp-block-image size-large\"><img loading=\"lazy\" decoding=\"async\" width=\"1024\" height=\"768\" src=\"https:\/\/gtminug.com\/wp-content\/uploads\/2025\/08\/IMG_6820-1024x768.jpg\" alt=\"\" class=\"wp-image-619\" srcset=\"https:\/\/gtminug.com\/wp-content\/uploads\/2025\/08\/IMG_6820-1024x768.jpg 1024w, https:\/\/gtminug.com\/wp-content\/uploads\/2025\/08\/IMG_6820-300x225.jpg 300w, https:\/\/gtminug.com\/wp-content\/uploads\/2025\/08\/IMG_6820-768x576.jpg 768w, https:\/\/gtminug.com\/wp-content\/uploads\/2025\/08\/IMG_6820-1536x1152.jpg 1536w, https:\/\/gtminug.com\/wp-content\/uploads\/2025\/08\/IMG_6820-2048x1536.jpg 2048w\" sizes=\"auto, (max-width: 1024px) 100vw, 1024px\" \/><\/figure>\n<\/div>\n\n\n\n<div class=\"wp-block-column is-layout-flow wp-block-column-is-layout-flow\">\n<figure class=\"wp-block-image size-large\"><img loading=\"lazy\" decoding=\"async\" width=\"2560\" height=\"1440\" src=\"https:\/\/gtminug.com\/wp-content\/uploads\/2025\/08\/IMG_5642-edited-1-scaled.jpg\" alt=\"\" class=\"wp-image-622\" srcset=\"https:\/\/gtminug.com\/wp-content\/uploads\/2025\/08\/IMG_5642-edited-1-scaled.jpg 2560w, https:\/\/gtminug.com\/wp-content\/uploads\/2025\/08\/IMG_5642-edited-1-300x169.jpg 300w, https:\/\/gtminug.com\/wp-content\/uploads\/2025\/08\/IMG_5642-edited-1-1024x576.jpg 1024w, https:\/\/gtminug.com\/wp-content\/uploads\/2025\/08\/IMG_5642-edited-1-768x432.jpg 768w, https:\/\/gtminug.com\/wp-content\/uploads\/2025\/08\/IMG_5642-edited-1-1536x864.jpg 1536w, https:\/\/gtminug.com\/wp-content\/uploads\/2025\/08\/IMG_5642-edited-1-2048x1152.jpg 2048w\" sizes=\"auto, (max-width: 2560px) 100vw, 2560px\" \/><\/figure>\n<\/div>\n<\/div>\n\n\n\n<div class=\"wp-block-columns is-layout-flex wp-container-core-columns-is-layout-28f84493 wp-block-columns-is-layout-flex\">\n<div class=\"wp-block-column is-layout-flow wp-block-column-is-layout-flow\">\n<div data-wp-interactive=\"core\/file\" class=\"wp-block-file\"><object data-wp-bind--hidden=\"!state.hasPdfPreview\" hidden class=\"wp-block-file__embed\" data=\"https:\/\/gtminug.com\/wp-content\/uploads\/2023\/08\/Informe-Anual-MINUG-2023.pdf\" type=\"application\/pdf\" style=\"width:100%;height:600px\" aria-label=\"Embed of Informe-Anual-MINUG-2023.\"><\/object><a id=\"wp-block-file--media-839ab620-4578-42f6-881e-bb5448de3754\" href=\"https:\/\/gtminug.com\/wp-content\/uploads\/2023\/08\/Informe-Anual-MINUG-2023.pdf\">Informe-Anual-MINUG-2023<\/a><a href=\"https:\/\/gtminug.com\/wp-content\/uploads\/2023\/08\/Informe-Anual-MINUG-2023.pdf\" class=\"wp-block-file__button wp-element-button\" download aria-describedby=\"wp-block-file--media-839ab620-4578-42f6-881e-bb5448de3754\">Descarga<\/a><\/div>\n<\/div>\n<\/div>\n\n\n\n<p class=\"has-medium-font-size\">                                                                                                                                                  <strong>                                                                                                                  <\/strong> <\/p>\n","protected":false},"excerpt":{"rendered":"<p>ODS: 4 Garantizar una&nbsp;educaci\u00f3n&nbsp;inclusiva, equitativa y de&nbsp;calidad&nbsp;y promover oportunidades de aprendizaje durante toda la vida para todos. SECRETARIADO 2022-2023 Secretar\u00eda General Secretar\u00eda de Finanzas Secretar\u00eda de Protocolo Carlos C\u00e9sar Montepeque Castellanos &#8211; Secretario GeneralFrida Sarah\u00ed Ch\u00e1vez Bardales &#8211; Secretaria General Adjunta Mario Fernando Mart\u00ednez &#8211; Secretario de Finanzas Gabriela Lisbeth M\u00e1rquez Marroqu\u00edn &#8211; Secretaria Titutar [&hellip;]<\/p>\n","protected":false},"author":1,"featured_media":0,"parent":0,"menu_order":0,"comment_status":"closed","ping_status":"closed","template":"","meta":{"_monsterinsights_skip_tracking":false,"_monsterinsights_sitenote_active":false,"_monsterinsights_sitenote_note":"","_monsterinsights_sitenote_category":0,"footnotes":""},"class_list":["post-121","page","type-page","status-publish","hentry"],"_links":{"self":[{"href":"https:\/\/gtminug.com\/index.php\/wp-json\/wp\/v2\/pages\/121","targetHints":{"allow":["GET"]}}],"collection":[{"href":"https:\/\/gtminug.com\/index.php\/wp-json\/wp\/v2\/pages"}],"about":[{"href":"https:\/\/gtminug.com\/index.php\/wp-json\/wp\/v2\/types\/page"}],"author":[{"embeddable":true,"href":"https:\/\/gtminug.com\/index.php\/wp-json\/wp\/v2\/users\/1"}],"replies":[{"embeddable":true,"href":"https:\/\/gtminug.com\/index.php\/wp-json\/wp\/v2\/comments?post=121"}],"version-history":[{"count":15,"href":"https:\/\/gtminug.com\/index.php\/wp-json\/wp\/v2\/pages\/121\/revisions"}],"predecessor-version":[{"id":647,"href":"https:\/\/gtminug.com\/index.php\/wp-json\/wp\/v2\/pages\/121\/revisions\/647"}],"wp:attachment":[{"href":"https:\/\/gtminug.com\/index.php\/wp-json\/wp\/v2\/media?parent=121"}],"curies":[{"name":"wp","href":"https:\/\/api.w.org\/{rel}","templated":true}]}}