{"id":139,"date":"2023-08-25T03:53:05","date_gmt":"2023-08-25T03:53:05","guid":{"rendered":"https:\/\/gtminug.com\/?page_id=139"},"modified":"2025-08-26T02:35:04","modified_gmt":"2025-08-26T02:35:04","slug":"quienes-somos","status":"publish","type":"page","link":"https:\/\/gtminug.com\/index.php\/acerca-de-minug\/quienes-somos\/","title":{"rendered":"\u00bfQUI\u00c9NES SOMOS?"},"content":{"rendered":"\n<h2 class=\"wp-block-heading\"><\/h2>\n\n\n\n<div class=\"wp-block-media-text is-stacked-on-mobile\"><figure class=\"wp-block-media-text__media\"><img loading=\"lazy\" decoding=\"async\" width=\"1024\" height=\"768\" src=\"https:\/\/gtminug.com\/wp-content\/uploads\/2025\/08\/CAPACITACION1-1024x768.jpg\" alt=\"\" class=\"wp-image-527 size-full\" srcset=\"https:\/\/gtminug.com\/wp-content\/uploads\/2025\/08\/CAPACITACION1-1024x768.jpg 1024w, https:\/\/gtminug.com\/wp-content\/uploads\/2025\/08\/CAPACITACION1-300x225.jpg 300w, https:\/\/gtminug.com\/wp-content\/uploads\/2025\/08\/CAPACITACION1-768x576.jpg 768w, https:\/\/gtminug.com\/wp-content\/uploads\/2025\/08\/CAPACITACION1-1536x1152.jpg 1536w, https:\/\/gtminug.com\/wp-content\/uploads\/2025\/08\/CAPACITACION1-2048x1536.jpg 2048w\" sizes=\"auto, (max-width: 1024px) 100vw, 1024px\" \/><\/figure><div class=\"wp-block-media-text__content\">\n<p class=\"has-foreground-color has-text-color has-link-color has-medium-font-size wp-elements-b570b875f7fd81f24bb3c10e2bf50b3c\">El Modelo de Naciones Unidas de Guatemala, mejor conocido como MINUG, es un ejercicio de simulaci\u00f3n acad\u00e9mica que busca promover el entendimiento global, la diplomacia y el debate constructivo entre estudiantes y j\u00f3venes de toda Am\u00e9rica Latina. Este proyecto dio inicio con la edici\u00f3n 2020, bas\u00e1ndose en la idea de crear un espacio en el que estudiantes de diversificado, universitarios y j\u00f3venes de distintas \u00e1reas profesionales puedan dialogar e idear soluciones conjuntas a las problem\u00e1ticas mundiales.<\/p>\n<\/div><\/div>\n\n\n\n<blockquote class=\"wp-block-quote is-layout-flow wp-block-quote-is-layout-flow\">\n<p class=\"has-text-align-center has-foreground-color has-text-color has-link-color has-x-large-font-size wp-elements-5baf50d8042cdbbd2af9bc9c28a677ab\" style=\"font-style:italic;font-weight:600\">&#8220;Seamos el cambio que queremos ver en el mundo&#8221;- M.Gandhi<\/p>\n<\/blockquote>\n\n\n\n<p class=\"has-text-align-center has-white-color has-text-color has-background has-large-font-size\" style=\"background:linear-gradient(135deg,rgb(6,147,227) 0%,rgb(0,73,116) 100%)\"><strong>VISI\u00d3N<\/strong><\/p>\n\n\n\n<h2 class=\"wp-block-heading\"><\/h2>\n\n\n\n<div class=\"wp-block-media-text is-stacked-on-mobile\" style=\"grid-template-columns:40% auto\"><figure class=\"wp-block-media-text__media\"><img loading=\"lazy\" decoding=\"async\" width=\"1024\" height=\"683\" src=\"https:\/\/gtminug.com\/wp-content\/uploads\/2025\/08\/DSC_3833-1024x683.jpg\" alt=\"\" class=\"wp-image-523 size-full\" srcset=\"https:\/\/gtminug.com\/wp-content\/uploads\/2025\/08\/DSC_3833-1024x683.jpg 1024w, https:\/\/gtminug.com\/wp-content\/uploads\/2025\/08\/DSC_3833-300x200.jpg 300w, https:\/\/gtminug.com\/wp-content\/uploads\/2025\/08\/DSC_3833-768x512.jpg 768w, https:\/\/gtminug.com\/wp-content\/uploads\/2025\/08\/DSC_3833-1536x1024.jpg 1536w, https:\/\/gtminug.com\/wp-content\/uploads\/2025\/08\/DSC_3833-2048x1365.jpg 2048w\" sizes=\"auto, (max-width: 1024px) 100vw, 1024px\" \/><\/figure><div class=\"wp-block-media-text__content\">\n<p class=\"has-foreground-color has-text-color has-link-color has-large-font-size wp-elements-ad0e29e8b159ebcb32cb7189b0cf89a0\">Ser, para el 2030, la organizaci\u00f3n de Modelos de Naciones Unidas con mayor impacto<br>acad\u00e9mico en Guatemala.<\/p>\n<\/div><\/div>\n\n\n\n<p class=\"has-text-align-center has-white-color has-text-color has-background has-large-font-size\" style=\"background:linear-gradient(135deg,rgb(6,147,227) 0%,rgb(0,73,116) 100%)\"><strong>MISI\u00d3N<\/strong><\/p>\n\n\n\n<div class=\"wp-block-media-text has-media-on-the-right is-stacked-on-mobile\" style=\"grid-template-columns:auto 42%\"><div class=\"wp-block-media-text__content\">\n<p class=\"has-foreground-color has-text-color has-link-color has-large-font-size wp-elements-b3e5804c135c91f9d1d9f5c86ee80741\">Ser el Modelo de Naciones Unidas por excelencia en Guatemala que permita el empoderamiento y participaci\u00f3n de j\u00f3venes en debates acad\u00e9micos y relevantes de la Agenda Internacional.<\/p>\n<\/div><figure class=\"wp-block-media-text__media\"><img loading=\"lazy\" decoding=\"async\" width=\"1024\" height=\"683\" src=\"https:\/\/gtminug.com\/wp-content\/uploads\/2025\/08\/DSC_3844-1024x683.jpg\" alt=\"\" class=\"wp-image-524 size-full\" srcset=\"https:\/\/gtminug.com\/wp-content\/uploads\/2025\/08\/DSC_3844-1024x683.jpg 1024w, https:\/\/gtminug.com\/wp-content\/uploads\/2025\/08\/DSC_3844-300x200.jpg 300w, https:\/\/gtminug.com\/wp-content\/uploads\/2025\/08\/DSC_3844-768x512.jpg 768w, https:\/\/gtminug.com\/wp-content\/uploads\/2025\/08\/DSC_3844-1536x1024.jpg 1536w, https:\/\/gtminug.com\/wp-content\/uploads\/2025\/08\/DSC_3844-2048x1365.jpg 2048w\" sizes=\"auto, (max-width: 1024px) 100vw, 1024px\" \/><\/figure><\/div>\n\n\n\n<p><\/p>\n\n\n\n<h1 class=\"wp-block-heading has-foreground-color has-text-color has-link-color has-x-large-font-size wp-elements-628535387028db0b0ae29b9dd8e97579\">\u00bfPOR QU\u00c9 EXISTE MINUG?<\/h1>\n\n\n\n<p class=\"has-foreground-color has-text-color has-link-color has-medium-font-size wp-elements-dd653d9e77b9a6a0d14d1ea57706e22e\">La iniciativa de MINUG parte de la idea interdisciplinaria en la que confluyen integrantes de distintas disciplinas acad\u00e9micas de distintas casas de estudio de Guatemala y de la regi\u00f3n latinoamericana. Asimismo, MINUG busca fomentar la conciencia global, el pensamiento cr\u00edtico y la responsabilidad ciudadana, por lo que nuestra conferencia ofrece un espacio inclusivo y din\u00e1mico para que los y las j\u00f3venes expresen sus ideas, mejoren sus habilidades comunicativas y desarrollen soluciones creativas a problemas globales complejos.<\/p>\n\n\n\n<div class=\"wp-block-media-text is-stacked-on-mobile\"><figure class=\"wp-block-media-text__media\"><img loading=\"lazy\" decoding=\"async\" width=\"1024\" height=\"410\" src=\"https:\/\/gtminug.com\/wp-content\/uploads\/2025\/08\/Copia-de-NacionesUnidas-horizontal-1024x410.png\" alt=\"\" class=\"wp-image-531 size-full\" srcset=\"https:\/\/gtminug.com\/wp-content\/uploads\/2025\/08\/Copia-de-NacionesUnidas-horizontal-1024x410.png 1024w, https:\/\/gtminug.com\/wp-content\/uploads\/2025\/08\/Copia-de-NacionesUnidas-horizontal-300x120.png 300w, https:\/\/gtminug.com\/wp-content\/uploads\/2025\/08\/Copia-de-NacionesUnidas-horizontal-768x307.png 768w, https:\/\/gtminug.com\/wp-content\/uploads\/2025\/08\/Copia-de-NacionesUnidas-horizontal-1536x615.png 1536w, https:\/\/gtminug.com\/wp-content\/uploads\/2025\/08\/Copia-de-NacionesUnidas-horizontal-2048x819.png 2048w\" sizes=\"auto, (max-width: 1024px) 100vw, 1024px\" \/><\/figure><div class=\"wp-block-media-text__content\">\n<p class=\"has-foreground-color has-text-color has-link-color wp-elements-7f5b0b0e9208b0d68e6c0380bf813639\">Desde 2020, la Oficina de Naciones Unidas en Guatemala ha apoyado a los j\u00f3venes l\u00edderes que se han ocupado de la organizaci\u00f3n de la Conferencia Anual del MINUG, lo cual se traduce en acompa\u00f1amiento t\u00e9cnico relativo a las funciones y mandatos de las diferentes instancias que conforman la ONU y su trabajo en Guatemala.<\/p>\n<\/div><\/div>\n\n\n\n<p><\/p>\n","protected":false},"excerpt":{"rendered":"<p>El Modelo de Naciones Unidas de Guatemala, mejor conocido como MINUG, es un ejercicio de simulaci\u00f3n acad\u00e9mica que busca promover el entendimiento global, la diplomacia y el debate constructivo entre estudiantes y j\u00f3venes de toda Am\u00e9rica Latina. Este proyecto dio inicio con la edici\u00f3n 2020, bas\u00e1ndose en la idea de crear un espacio en el [&hellip;]<\/p>\n","protected":false},"author":1,"featured_media":0,"parent":21,"menu_order":0,"comment_status":"closed","ping_status":"closed","template":"","meta":{"_monsterinsights_skip_tracking":false,"_monsterinsights_sitenote_active":false,"_monsterinsights_sitenote_note":"","_monsterinsights_sitenote_category":0,"footnotes":""},"class_list":["post-139","page","type-page","status-publish","hentry"],"_links":{"self":[{"href":"https:\/\/gtminug.com\/index.php\/wp-json\/wp\/v2\/pages\/139","targetHints":{"allow":["GET"]}}],"collection":[{"href":"https:\/\/gtminug.com\/index.php\/wp-json\/wp\/v2\/pages"}],"about":[{"href":"https:\/\/gtminug.com\/index.php\/wp-json\/wp\/v2\/types\/page"}],"author":[{"embeddable":true,"href":"https:\/\/gtminug.com\/index.php\/wp-json\/wp\/v2\/users\/1"}],"replies":[{"embeddable":true,"href":"https:\/\/gtminug.com\/index.php\/wp-json\/wp\/v2\/comments?post=139"}],"version-history":[{"count":11,"href":"https:\/\/gtminug.com\/index.php\/wp-json\/wp\/v2\/pages\/139\/revisions"}],"predecessor-version":[{"id":636,"href":"https:\/\/gtminug.com\/index.php\/wp-json\/wp\/v2\/pages\/139\/revisions\/636"}],"up":[{"embeddable":true,"href":"https:\/\/gtminug.com\/index.php\/wp-json\/wp\/v2\/pages\/21"}],"wp:attachment":[{"href":"https:\/\/gtminug.com\/index.php\/wp-json\/wp\/v2\/media?parent=139"}],"curies":[{"name":"wp","href":"https:\/\/api.w.org\/{rel}","templated":true}]}}