{"id":155,"date":"2023-08-25T12:53:47","date_gmt":"2023-08-25T12:53:47","guid":{"rendered":"https:\/\/gtminug.com\/?page_id=155"},"modified":"2025-12-08T19:11:33","modified_gmt":"2025-12-08T19:11:33","slug":"guias","status":"publish","type":"page","link":"https:\/\/gtminug.com\/index.php\/guias\/","title":{"rendered":"GU\u00cdAS DE COMIT\u00c9"},"content":{"rendered":"\n<p class=\"has-foreground-color has-text-color has-link-color has-medium-font-size wp-elements-3831f79b07a0ae0e7fdb279e2a3d6446\">\u00a1Bienvenidos a la secci\u00f3n de Gu\u00edas de Comit\u00e9 de la Conferencia MINUG 2026! En esta p\u00e1gina, encontrar\u00e1s informaci\u00f3n esencial sobre cada uno de los comit\u00e9s que forman parte de nuestra conferencia de este a\u00f1o. Cada gu\u00eda proporciona una visi\u00f3n general de los temas, objetivos y enfoques de debate que caracterizar\u00e1n las discusiones en esos comit\u00e9s.<\/p>\n\n\n\n<p class=\"has-primary-color has-text-color has-link-color has-medium-font-size wp-elements-098d413dc3752d9f55f8fc29a30d3b15\"><strong>\u00bfQu\u00e9 es una Gu\u00eda?<\/strong><\/p>\n\n\n\n<p class=\"has-foreground-color has-text-color has-link-color has-medium-font-size wp-elements-dd5045c260603455b67b4d2767ac48a1\">Una gu\u00eda de comit\u00e9 es un documento que proporciona informaci\u00f3n esencial y detallada sobre un comit\u00e9 espec\u00edfico en el contexto de un Modelo de Naciones Unidas (MUN). Es una herramienta fundamental para los participantes del MINUG, ya que les ayuda a comprender la estructura del comit\u00e9, los temas a discutir y las pautas de funcionamiento durante la conferencia. La gu\u00eda de comit\u00e9 es preparada por el equipo organizador de MINUG y se proporciona a los delegados antes del evento para que puedan investigar y prepararse adecuadamente.<\/p>\n\n\n\n<p class=\"has-medium-font-size\">\u00a1Descarga las gu\u00edas y comienza tu viaje hacia la diplomacia y el debate en MINUG! <\/p>\n\n\n\n<p class=\"has-small-font-size\"><em><em>*Nuestras gu\u00edas son creadas por el equipo de MINUG 2025-2026  para enriquecer la experiencia acad\u00e9mica. Pueden usarlas con prop\u00f3sitos educativos, siempre que atribuyan la autor\u00eda al equipo correspondiente.*<\/em><\/em><\/p>\n\n\n\n<div class=\"wp-block-columns is-layout-flex wp-container-core-columns-is-layout-28f84493 wp-block-columns-is-layout-flex\">\n<div class=\"wp-block-column is-layout-flow wp-block-column-is-layout-flow\">\n<p class=\"has-text-align-center has-primary-color has-text-color has-link-color has-medium-font-size wp-elements-9a26dbbe8a267323f13dffec531b8c07\" style=\"letter-spacing:0px\"><strong>Asamblea General- Comisi\u00f3n 1<\/strong><\/p>\n\n\n\n<div data-wp-interactive=\"core\/file\" class=\"wp-block-file\"><object data-wp-bind--hidden=\"!state.hasPdfPreview\" hidden class=\"wp-block-file__embed\" data=\"https:\/\/gtminug.com\/wp-content\/uploads\/2025\/12\/Asamblea-General-1-1.pdf\" type=\"application\/pdf\" style=\"width:100%;height:600px\" aria-label=\"Embed of Asamblea General 1.\"><\/object><a id=\"wp-block-file--media-58bdcfd0-d5d5-4a31-b3d6-f40c885c6679\" href=\"https:\/\/gtminug.com\/wp-content\/uploads\/2025\/12\/Asamblea-General-1-1.pdf\">Asamblea General 1<\/a><a href=\"https:\/\/gtminug.com\/wp-content\/uploads\/2025\/12\/Asamblea-General-1-1.pdf\" class=\"wp-block-file__button wp-element-button\" download aria-describedby=\"wp-block-file--media-58bdcfd0-d5d5-4a31-b3d6-f40c885c6679\">Download<\/a><\/div>\n<\/div>\n\n\n\n<div class=\"wp-block-column is-layout-flow wp-block-column-is-layout-flow\">\n<p class=\"has-text-align-center has-primary-color has-text-color has-link-color has-medium-font-size wp-elements-a171f791e8cafeb61454221c6b0951c9\"><strong>Asamblea General- Comisi\u00f3n 2<\/strong><\/p>\n\n\n\n<div data-wp-interactive=\"core\/file\" class=\"wp-block-file\"><object data-wp-bind--hidden=\"!state.hasPdfPreview\" hidden class=\"wp-block-file__embed\" data=\"https:\/\/gtminug.com\/wp-content\/uploads\/2025\/12\/Asamblea-General-2-1.pdf\" type=\"application\/pdf\" style=\"width:100%;height:600px\" aria-label=\"Embed of Asamblea General 2.\"><\/object><a id=\"wp-block-file--media-a586ad82-ad06-4fe5-b636-74c8c6c298e9\" href=\"https:\/\/gtminug.com\/wp-content\/uploads\/2025\/12\/Asamblea-General-2-1.pdf\">Asamblea General 2<\/a><a href=\"https:\/\/gtminug.com\/wp-content\/uploads\/2025\/12\/Asamblea-General-2-1.pdf\" class=\"wp-block-file__button wp-element-button\" download aria-describedby=\"wp-block-file--media-a586ad82-ad06-4fe5-b636-74c8c6c298e9\">Download<\/a><\/div>\n<\/div>\n\n\n\n<div class=\"wp-block-column is-layout-flow wp-block-column-is-layout-flow\">\n<p class=\"has-text-align-center has-primary-color has-text-color has-link-color has-medium-font-size wp-elements-5ab0266717ccb7d26944b4386232008f\"><strong>Security Council<\/strong><\/p>\n\n\n\n<div data-wp-interactive=\"core\/file\" class=\"wp-block-file\"><object data-wp-bind--hidden=\"!state.hasPdfPreview\" hidden class=\"wp-block-file__embed\" data=\"https:\/\/gtminug.com\/wp-content\/uploads\/2025\/12\/Security-Council-1.pdf\" type=\"application\/pdf\" style=\"width:100%;height:600px\" aria-label=\"Embed of Security Council.\"><\/object><a id=\"wp-block-file--media-bd27e418-c464-48c1-ad2f-ae9c5ab73e43\" href=\"https:\/\/gtminug.com\/wp-content\/uploads\/2025\/12\/Security-Council-1.pdf\">Security Council<\/a><a href=\"https:\/\/gtminug.com\/wp-content\/uploads\/2025\/12\/Security-Council-1.pdf\" class=\"wp-block-file__button wp-element-button\" download aria-describedby=\"wp-block-file--media-bd27e418-c464-48c1-ad2f-ae9c5ab73e43\">Download<\/a><\/div>\n<\/div>\n<\/div>\n\n\n\n<p><\/p>\n\n\n\n<div class=\"wp-block-columns is-layout-flex wp-container-core-columns-is-layout-28f84493 wp-block-columns-is-layout-flex\">\n<div class=\"wp-block-column is-layout-flow wp-block-column-is-layout-flow\">\n<p class=\"has-text-align-center has-primary-color has-text-color has-link-color has-medium-font-size wp-elements-8a9126a981d6de58f423d78e0c5d8d38\"><strong>Consejo de los Derechos Humanos-CD<\/strong>H<\/p>\n\n\n\n<div data-wp-interactive=\"core\/file\" class=\"wp-block-file\"><object data-wp-bind--hidden=\"!state.hasPdfPreview\" hidden class=\"wp-block-file__embed\" data=\"https:\/\/gtminug.com\/wp-content\/uploads\/2025\/12\/Consejo-de-Derechos-Humanos-1.pdf\" type=\"application\/pdf\" style=\"width:100%;height:600px\" aria-label=\"Embed of Consejo de Derechos Humanos.\"><\/object><a id=\"wp-block-file--media-20c54bb0-8cda-4d0a-8094-c9390d685556\" href=\"https:\/\/gtminug.com\/wp-content\/uploads\/2025\/12\/Consejo-de-Derechos-Humanos-1.pdf\">Consejo de Derechos Humanos<\/a><a href=\"https:\/\/gtminug.com\/wp-content\/uploads\/2025\/12\/Consejo-de-Derechos-Humanos-1.pdf\" class=\"wp-block-file__button wp-element-button\" download aria-describedby=\"wp-block-file--media-20c54bb0-8cda-4d0a-8094-c9390d685556\">Download<\/a><\/div>\n<\/div>\n\n\n\n<div class=\"wp-block-column is-layout-flow wp-block-column-is-layout-flow\">\n<p class=\"has-text-align-center has-primary-color has-text-color has-link-color has-medium-font-size wp-elements-0d7df9247ab541c8e561982c4aafd2bb\"><strong>Programa de las Naciones Unidas para el Desarrollo- PNUD<\/strong><\/p>\n\n\n\n<div data-wp-interactive=\"core\/file\" class=\"wp-block-file\"><object data-wp-bind--hidden=\"!state.hasPdfPreview\" hidden class=\"wp-block-file__embed\" data=\"https:\/\/gtminug.com\/wp-content\/uploads\/2025\/12\/PNUD-1-1.pdf\" type=\"application\/pdf\" style=\"width:100%;height:600px\" aria-label=\"Embed of PNUD.\"><\/object><a id=\"wp-block-file--media-c74007a3-0d61-4af6-ae7f-037d3732da21\" href=\"https:\/\/gtminug.com\/wp-content\/uploads\/2025\/12\/PNUD-1-1.pdf\">PNUD<\/a><a href=\"https:\/\/gtminug.com\/wp-content\/uploads\/2025\/12\/PNUD-1-1.pdf\" class=\"wp-block-file__button wp-element-button\" download aria-describedby=\"wp-block-file--media-c74007a3-0d61-4af6-ae7f-037d3732da21\">Download<\/a><\/div>\n<\/div>\n\n\n\n<div class=\"wp-block-column is-layout-flow wp-block-column-is-layout-flow\">\n<p class=\"has-text-align-center has-primary-color has-text-color has-link-color has-medium-font-size wp-elements-860064064227acc904c7ad03dae2daf6\"><strong>Organizaci\u00f3n Internacional para las Migraciones-OIM<\/strong><\/p>\n\n\n\n<div data-wp-interactive=\"core\/file\" class=\"wp-block-file\"><object data-wp-bind--hidden=\"!state.hasPdfPreview\" hidden class=\"wp-block-file__embed\" data=\"https:\/\/gtminug.com\/wp-content\/uploads\/2025\/12\/Organizacion-Internacional-para-las-Migraciones-1.pdf\" type=\"application\/pdf\" style=\"width:100%;height:600px\" aria-label=\"Embed of Organizacio\u0301n Internacional para las Migraciones.\"><\/object><a id=\"wp-block-file--media-b0b71eaf-6ac7-4bfc-ba68-67a3554cd568\" href=\"https:\/\/gtminug.com\/wp-content\/uploads\/2025\/12\/Organizacion-Internacional-para-las-Migraciones-1.pdf\">Organizacio\u0301n Internacional para las Migraciones<\/a><a href=\"https:\/\/gtminug.com\/wp-content\/uploads\/2025\/12\/Organizacion-Internacional-para-las-Migraciones-1.pdf\" class=\"wp-block-file__button wp-element-button\" download aria-describedby=\"wp-block-file--media-b0b71eaf-6ac7-4bfc-ba68-67a3554cd568\">Download<\/a><\/div>\n<\/div>\n<\/div>\n\n\n\n<p><\/p>\n","protected":false},"excerpt":{"rendered":"<p>\u00a1Bienvenidos a la secci\u00f3n de Gu\u00edas de Comit\u00e9 de la Conferencia MINUG 2026! En esta p\u00e1gina, encontrar\u00e1s informaci\u00f3n esencial sobre cada uno de los comit\u00e9s que forman parte de nuestra conferencia de este a\u00f1o. Cada gu\u00eda proporciona una visi\u00f3n general de los temas, objetivos y enfoques de debate que caracterizar\u00e1n las discusiones en esos comit\u00e9s. [&hellip;]<\/p>\n","protected":false},"author":1,"featured_media":569,"parent":0,"menu_order":0,"comment_status":"closed","ping_status":"closed","template":"","meta":{"_monsterinsights_skip_tracking":false,"_monsterinsights_sitenote_active":false,"_monsterinsights_sitenote_note":"","_monsterinsights_sitenote_category":0,"footnotes":""},"class_list":["post-155","page","type-page","status-publish","has-post-thumbnail","hentry"],"_links":{"self":[{"href":"https:\/\/gtminug.com\/index.php\/wp-json\/wp\/v2\/pages\/155","targetHints":{"allow":["GET"]}}],"collection":[{"href":"https:\/\/gtminug.com\/index.php\/wp-json\/wp\/v2\/pages"}],"about":[{"href":"https:\/\/gtminug.com\/index.php\/wp-json\/wp\/v2\/types\/page"}],"author":[{"embeddable":true,"href":"https:\/\/gtminug.com\/index.php\/wp-json\/wp\/v2\/users\/1"}],"replies":[{"embeddable":true,"href":"https:\/\/gtminug.com\/index.php\/wp-json\/wp\/v2\/comments?post=155"}],"version-history":[{"count":8,"href":"https:\/\/gtminug.com\/index.php\/wp-json\/wp\/v2\/pages\/155\/revisions"}],"predecessor-version":[{"id":723,"href":"https:\/\/gtminug.com\/index.php\/wp-json\/wp\/v2\/pages\/155\/revisions\/723"}],"wp:featuredmedia":[{"embeddable":true,"href":"https:\/\/gtminug.com\/index.php\/wp-json\/wp\/v2\/media\/569"}],"wp:attachment":[{"href":"https:\/\/gtminug.com\/index.php\/wp-json\/wp\/v2\/media?parent=155"}],"curies":[{"name":"wp","href":"https:\/\/api.w.org\/{rel}","templated":true}]}}