{"id":28,"date":"2023-07-31T20:50:48","date_gmt":"2023-07-31T20:50:48","guid":{"rendered":"https:\/\/gtminug.com\/?page_id=28"},"modified":"2026-04-17T16:30:49","modified_gmt":"2026-04-17T16:30:49","slug":"invitacion","status":"publish","type":"page","link":"https:\/\/gtminug.com\/index.php\/invitacion\/","title":{"rendered":"INVITACI\u00d3N MINUG 2027"},"content":{"rendered":"\n<p class=\"has-foreground-color has-text-color has-link-color has-epilogue-font-family has-medium-font-size wp-elements-6d57f2c5bff6bd37ba799f56c1db7bfa\">Estimados estudiantes,<\/p>\n\n\n\n<p class=\"has-foreground-color has-text-color has-link-color has-epilogue-font-family has-medium-font-size wp-elements-4c47d6bbabda685ce175edb57058e3be\">Es un honor invitarles a formar parte del Modelo Interuniversitario de Naciones Unidas de Guatemala MINUG. Un evento que se destaca por ser el Modelo de Naciones Unidas m\u00e1s grande de Guatemala y de la regi\u00f3n centroamericana, dentro del modelo, los participantes podr\u00e1n mejorar sus habilidades de an\u00e1lisis, debate, investigaci\u00f3n y oratoria. Este espacio no solo transforma ideas en acci\u00f3n, sino que tambi\u00e9n desaf\u00eda a la juventud a entender y dar soluciones a los retos m\u00e1s cruciales de nuestro tiempo.<\/p>\n\n\n\n<p class=\"has-foreground-color has-text-color has-link-color has-epilogue-font-family has-medium-font-size wp-elements-66c8f2966a89a1c535ae68045442b144\">Para confirmar tu participaci\u00f3n u obtener m\u00e1s informaci\u00f3n, por favor visitar nuestras redes sociales Instagram:<strong> @minug.gt<\/strong> y Facebook: Modelo Interuniversitario De Naciones Unidas Guatemala o ponte en contacto con nosotros a trav\u00e9s de los correos: <strong>protocolo.minug@gmail.com<\/strong> y <strong>sg.minug@gmail.com<\/strong><\/p>\n\n\n\n<p class=\"has-foreground-color has-text-color has-link-color has-epilogue-font-family has-medium-font-size wp-elements-fce54dc7d9ec6529eef6a91927928cef\"><strong>\u00a1Nos vemos en el 2027!<\/strong><\/p>\n\n\n\n<p class=\"has-foreground-color has-text-color has-link-color has-epilogue-font-family has-medium-font-size wp-elements-1d821a8f34142528b8014e01fff6ad18\">Atentamente,<\/p>\n\n\n\n<p class=\"has-foreground-color has-text-color has-link-color has-epilogue-font-family has-medium-font-size wp-elements-5f98747eb8bf16994f505d64f4ffaaf1\">Modelo Interuniversitario de Naciones Unidas Guatemala <\/p>\n\n\n\n<p><\/p>\n","protected":false},"excerpt":{"rendered":"<p>Estimados estudiantes, Es un honor invitarles a formar parte del Modelo Interuniversitario de Naciones Unidas de Guatemala MINUG. Un evento que se destaca por ser el Modelo de Naciones Unidas m\u00e1s grande de Guatemala y de la regi\u00f3n centroamericana, dentro del modelo, los participantes podr\u00e1n mejorar sus habilidades de an\u00e1lisis, debate, investigaci\u00f3n y oratoria. Este [&hellip;]<\/p>\n","protected":false},"author":1,"featured_media":29,"parent":0,"menu_order":0,"comment_status":"closed","ping_status":"closed","template":"","meta":{"_monsterinsights_skip_tracking":false,"_monsterinsights_sitenote_active":false,"_monsterinsights_sitenote_note":"","_monsterinsights_sitenote_category":0,"footnotes":""},"class_list":["post-28","page","type-page","status-publish","has-post-thumbnail","hentry"],"_links":{"self":[{"href":"https:\/\/gtminug.com\/index.php\/wp-json\/wp\/v2\/pages\/28","targetHints":{"allow":["GET"]}}],"collection":[{"href":"https:\/\/gtminug.com\/index.php\/wp-json\/wp\/v2\/pages"}],"about":[{"href":"https:\/\/gtminug.com\/index.php\/wp-json\/wp\/v2\/types\/page"}],"author":[{"embeddable":true,"href":"https:\/\/gtminug.com\/index.php\/wp-json\/wp\/v2\/users\/1"}],"replies":[{"embeddable":true,"href":"https:\/\/gtminug.com\/index.php\/wp-json\/wp\/v2\/comments?post=28"}],"version-history":[{"count":8,"href":"https:\/\/gtminug.com\/index.php\/wp-json\/wp\/v2\/pages\/28\/revisions"}],"predecessor-version":[{"id":808,"href":"https:\/\/gtminug.com\/index.php\/wp-json\/wp\/v2\/pages\/28\/revisions\/808"}],"wp:featuredmedia":[{"embeddable":true,"href":"https:\/\/gtminug.com\/index.php\/wp-json\/wp\/v2\/media\/29"}],"wp:attachment":[{"href":"https:\/\/gtminug.com\/index.php\/wp-json\/wp\/v2\/media?parent=28"}],"curies":[{"name":"wp","href":"https:\/\/api.w.org\/{rel}","templated":true}]}}