{"id":346,"date":"2024-09-10T19:05:56","date_gmt":"2024-09-10T19:05:56","guid":{"rendered":"https:\/\/gtminug.com\/?page_id=346"},"modified":"2025-08-26T02:58:43","modified_gmt":"2025-08-26T02:58:43","slug":"edicion-2024","status":"publish","type":"page","link":"https:\/\/gtminug.com\/index.php\/edicion-2024\/","title":{"rendered":"EDICI\u00d3N 2024"},"content":{"rendered":"\n<div class=\"wp-block-cover\"><img loading=\"lazy\" decoding=\"async\" width=\"1024\" height=\"683\" class=\"wp-block-cover__image-background wp-image-524 size-large\" alt=\"\" src=\"https:\/\/gtminug.com\/wp-content\/uploads\/2025\/08\/DSC_3844-1024x683.jpg\" data-object-fit=\"cover\" srcset=\"https:\/\/gtminug.com\/wp-content\/uploads\/2025\/08\/DSC_3844-1024x683.jpg 1024w, https:\/\/gtminug.com\/wp-content\/uploads\/2025\/08\/DSC_3844-300x200.jpg 300w, https:\/\/gtminug.com\/wp-content\/uploads\/2025\/08\/DSC_3844-768x512.jpg 768w, https:\/\/gtminug.com\/wp-content\/uploads\/2025\/08\/DSC_3844-1536x1024.jpg 1536w, https:\/\/gtminug.com\/wp-content\/uploads\/2025\/08\/DSC_3844-2048x1365.jpg 2048w\" sizes=\"auto, (max-width: 1024px) 100vw, 1024px\" \/><span aria-hidden=\"true\" class=\"wp-block-cover__background has-background-dim\" style=\"background-color:#605a57\"><\/span><div class=\"wp-block-cover__inner-container has-global-padding is-layout-constrained wp-block-cover-is-layout-constrained\">\n<p class=\"has-text-align-center has-background-color has-text-color has-link-color has-x-large-font-size wp-elements-507f0ec17908f7f4e152557e70b017bb\"><strong> \u201cRumbo a la cumbre del futuro 2024: el papel de las juventudes en la promoci\u00f3n de un mundo con igualdad de oportunidades\u201d<\/strong><\/p>\n<\/div><\/div>\n\n\n\n<p class=\"has-text-align-center has-foreground-color has-text-color has-link-color has-medium-font-size wp-elements-3a69045745537e85e5631df1c9863e24\"><strong><em>ODS 10: Reducci\u00f3n de las desigualdades<\/em><\/strong>. Meta 10.7: Facilitar la migraci\u00f3n y la movilidad ordenadas, seguras, regulares y responsables de las personas, incluso mediante la aplicaci\u00f3n de pol\u00edticas migratorias planificadas y bien gestionadas.<\/p>\n\n\n\n<figure class=\"wp-block-table is-style-stripes\" style=\"font-style:normal;font-weight:500\"><table class=\"has-foreground-color has-text-color has-background has-link-color has-fixed-layout\" style=\"background-color:#bacbe7;border-style:none;border-width:0px\"><thead><tr><th class=\"has-text-align-left\" data-align=\"left\"><\/th><th>SECRETARIADO 2023-2024<\/th><th><\/th><\/tr><\/thead><tbody><tr><td class=\"has-text-align-left\" data-align=\"left\">Secretar\u00eda General<\/td><td>Secretar\u00eda Acad\u00e9mica<\/td><td>Secretar\u00eda de Protocolo<\/td><\/tr><tr><td class=\"has-text-align-left\" data-align=\"left\">Lisbeth Arias &#8211; <strong>Secretaria General<\/strong><br>Fernanda Gonz\u00e1lez &#8211; <strong>Secretaria General Adjunta<\/strong><\/td><td>Secretaria Titular: Stuardo Sebasti\u00e1n Batres Godoy<br>Secretaria Adjunta: Dania Kristel Calder\u00f3n Bobadilla<br>Secretaria Adjunta: Anacamila Tra\u00f1a Vielman<br>Secretario  Adjunto: Caleb Benjam\u00edn Cameros\u00a0<br>Secretaria  Adjunta: Mar\u00eda Eliza Cruz Pazos\u00a0<br>Secretaria Adjunta: Henley Emilee Gait\u00e1n L\u00f3pez<\/td><td>Secretaria Titular: Ana Isabel Ruiz Mar\u00edn<br>Secretario Adjunto: Manuel Lara Salvador<br>Secretario  Adjunto: Jos\u00e9 Javier Pacheco Herrera<br><\/td><\/tr><tr><td class=\"has-text-align-left\" data-align=\"left\">Secretar\u00eda de Comunicaciones<\/td><td><\/td><td>Secretar\u00eda de Relaciones P\u00fablicas<\/td><\/tr><tr><td class=\"has-text-align-left\" data-align=\"left\">Secretaria  Titular: Lourdes Mari L\u00f3pez Castro <br>Secretario  Adjunto: Luis Pedro Rodolfo Lara Gonz\u00e1lez<br>Secretaria  Adjunta:\u00a0 Alexandra Paola Ram\u00edrez Ram\u00edrez<\/td><td><\/td><td>Secretario Titular: Jos\u00e9 Gabriel Gatica S\u00e1nchez<br>Secretaria  Adjunta: F\u00e1tima Xiloj<br>Subsecretario: Juan Benjam\u00edn Alexander Gonz\u00e1lez<\/td><\/tr><\/tbody><\/table><\/figure>\n\n\n\n<p>&nbsp;<\/p>\n\n\n\n<div class=\"wp-block-columns is-layout-flex wp-container-core-columns-is-layout-28f84493 wp-block-columns-is-layout-flex\">\n<div class=\"wp-block-column is-layout-flow wp-block-column-is-layout-flow\">\n<figure class=\"wp-block-image size-large\"><img loading=\"lazy\" decoding=\"async\" width=\"1024\" height=\"683\" src=\"https:\/\/gtminug.com\/wp-content\/uploads\/2025\/08\/DSC_3833-1-1024x683.jpg\" alt=\"\" class=\"wp-image-626\" srcset=\"https:\/\/gtminug.com\/wp-content\/uploads\/2025\/08\/DSC_3833-1-1024x683.jpg 1024w, https:\/\/gtminug.com\/wp-content\/uploads\/2025\/08\/DSC_3833-1-300x200.jpg 300w, https:\/\/gtminug.com\/wp-content\/uploads\/2025\/08\/DSC_3833-1-768x512.jpg 768w, https:\/\/gtminug.com\/wp-content\/uploads\/2025\/08\/DSC_3833-1-1536x1024.jpg 1536w, https:\/\/gtminug.com\/wp-content\/uploads\/2025\/08\/DSC_3833-1-2048x1365.jpg 2048w\" sizes=\"auto, (max-width: 1024px) 100vw, 1024px\" \/><\/figure>\n<\/div>\n\n\n\n<div class=\"wp-block-column is-layout-flow wp-block-column-is-layout-flow\">\n<figure class=\"wp-block-image size-large\"><img loading=\"lazy\" decoding=\"async\" width=\"1024\" height=\"683\" src=\"https:\/\/gtminug.com\/wp-content\/uploads\/2025\/08\/DSC_3829-1024x683.jpg\" alt=\"\" class=\"wp-image-627\" srcset=\"https:\/\/gtminug.com\/wp-content\/uploads\/2025\/08\/DSC_3829-1024x683.jpg 1024w, https:\/\/gtminug.com\/wp-content\/uploads\/2025\/08\/DSC_3829-300x200.jpg 300w, https:\/\/gtminug.com\/wp-content\/uploads\/2025\/08\/DSC_3829-768x512.jpg 768w, https:\/\/gtminug.com\/wp-content\/uploads\/2025\/08\/DSC_3829-1536x1024.jpg 1536w, https:\/\/gtminug.com\/wp-content\/uploads\/2025\/08\/DSC_3829-2048x1365.jpg 2048w\" sizes=\"auto, (max-width: 1024px) 100vw, 1024px\" \/><\/figure>\n<\/div>\n\n\n\n<div class=\"wp-block-column is-layout-flow wp-block-column-is-layout-flow\">\n<figure class=\"wp-block-image size-large\"><img loading=\"lazy\" decoding=\"async\" width=\"1024\" height=\"683\" src=\"https:\/\/gtminug.com\/wp-content\/uploads\/2025\/08\/Copia-de-MINUG2024_DIA2-32-1024x683.jpg\" alt=\"\" class=\"wp-image-628\" srcset=\"https:\/\/gtminug.com\/wp-content\/uploads\/2025\/08\/Copia-de-MINUG2024_DIA2-32-1024x683.jpg 1024w, https:\/\/gtminug.com\/wp-content\/uploads\/2025\/08\/Copia-de-MINUG2024_DIA2-32-300x200.jpg 300w, https:\/\/gtminug.com\/wp-content\/uploads\/2025\/08\/Copia-de-MINUG2024_DIA2-32-768x512.jpg 768w, https:\/\/gtminug.com\/wp-content\/uploads\/2025\/08\/Copia-de-MINUG2024_DIA2-32-1536x1024.jpg 1536w, https:\/\/gtminug.com\/wp-content\/uploads\/2025\/08\/Copia-de-MINUG2024_DIA2-32.jpg 2048w\" sizes=\"auto, (max-width: 1024px) 100vw, 1024px\" \/><\/figure>\n<\/div>\n<\/div>\n\n\n\n<div data-wp-interactive=\"core\/file\" class=\"wp-block-file aligncenter\"><object data-wp-bind--hidden=\"!state.hasPdfPreview\" hidden class=\"wp-block-file__embed\" data=\"https:\/\/gtminug.com\/wp-content\/uploads\/2024\/09\/INFORME-FINAL-MINUG-2024.pdf\" type=\"application\/pdf\" style=\"width:100%;height:490px\" aria-label=\"Embed of INFORME-FINAL-MINUG-2024.\"><\/object><a id=\"wp-block-file--media-e711f235-e0b1-4727-aecd-d0ca2175d072\" href=\"https:\/\/gtminug.com\/wp-content\/uploads\/2024\/09\/INFORME-FINAL-MINUG-2024.pdf\">INFORME-FINAL-MINUG-2024<\/a><a href=\"https:\/\/gtminug.com\/wp-content\/uploads\/2024\/09\/INFORME-FINAL-MINUG-2024.pdf\" class=\"wp-block-file__button wp-element-button\" download aria-describedby=\"wp-block-file--media-e711f235-e0b1-4727-aecd-d0ca2175d072\">Download<\/a><\/div>\n","protected":false},"excerpt":{"rendered":"<p>ODS 10: Reducci\u00f3n de las desigualdades. Meta 10.7: Facilitar la migraci\u00f3n y la movilidad ordenadas, seguras, regulares y responsables de las personas, incluso mediante la aplicaci\u00f3n de pol\u00edticas migratorias planificadas y bien gestionadas. SECRETARIADO 2023-2024 Secretar\u00eda General Secretar\u00eda Acad\u00e9mica Secretar\u00eda de Protocolo Lisbeth Arias &#8211; Secretaria GeneralFernanda Gonz\u00e1lez &#8211; Secretaria General Adjunta Secretaria Titular: Stuardo [&hellip;]<\/p>\n","protected":false},"author":1,"featured_media":0,"parent":0,"menu_order":0,"comment_status":"closed","ping_status":"closed","template":"","meta":{"_monsterinsights_skip_tracking":false,"_monsterinsights_sitenote_active":false,"_monsterinsights_sitenote_note":"","_monsterinsights_sitenote_category":0,"footnotes":""},"class_list":["post-346","page","type-page","status-publish","hentry"],"_links":{"self":[{"href":"https:\/\/gtminug.com\/index.php\/wp-json\/wp\/v2\/pages\/346","targetHints":{"allow":["GET"]}}],"collection":[{"href":"https:\/\/gtminug.com\/index.php\/wp-json\/wp\/v2\/pages"}],"about":[{"href":"https:\/\/gtminug.com\/index.php\/wp-json\/wp\/v2\/types\/page"}],"author":[{"embeddable":true,"href":"https:\/\/gtminug.com\/index.php\/wp-json\/wp\/v2\/users\/1"}],"replies":[{"embeddable":true,"href":"https:\/\/gtminug.com\/index.php\/wp-json\/wp\/v2\/comments?post=346"}],"version-history":[{"count":11,"href":"https:\/\/gtminug.com\/index.php\/wp-json\/wp\/v2\/pages\/346\/revisions"}],"predecessor-version":[{"id":645,"href":"https:\/\/gtminug.com\/index.php\/wp-json\/wp\/v2\/pages\/346\/revisions\/645"}],"wp:attachment":[{"href":"https:\/\/gtminug.com\/index.php\/wp-json\/wp\/v2\/media?parent=346"}],"curies":[{"name":"wp","href":"https:\/\/api.w.org\/{rel}","templated":true}]}}