{"id":412,"date":"2024-12-04T16:40:57","date_gmt":"2024-12-04T16:40:57","guid":{"rendered":"https:\/\/gtminug.com\/?page_id=412"},"modified":"2026-04-17T16:48:22","modified_gmt":"2026-04-17T16:48:22","slug":"rumbominug-2025","status":"publish","type":"page","link":"https:\/\/gtminug.com\/index.php\/rumbominug-2025\/","title":{"rendered":"#RUMBOMINUG 2027"},"content":{"rendered":"<nav style=\"background-color: #588fe0;\" class=\"has-text-color has-white-color has-background is-responsive items-justified-center wp-block-navigation is-horizontal is-content-justification-center is-layout-flex wp-container-core-navigation-is-layout-b22b869c wp-block-navigation-is-layout-flex\" aria-label=\"Navegaci\u00f3n de Cabecera 2\" \n\t\t data-wp-interactive=\"core\/navigation\" data-wp-context='{\"overlayOpenedBy\":{\"click\":false,\"hover\":false,\"focus\":false},\"type\":\"overlay\",\"roleAttribute\":\"\",\"ariaLabel\":\"Menu\"}'><button aria-haspopup=\"dialog\" aria-label=\"Open menu\" class=\"wp-block-navigation__responsive-container-open\" \n\t\t\t\tdata-wp-on-async--click=\"actions.openMenuOnClick\"\n\t\t\t\tdata-wp-on--keydown=\"actions.handleMenuKeydown\"\n\t\t\t><svg width=\"24\" height=\"24\" xmlns=\"http:\/\/www.w3.org\/2000\/svg\" viewBox=\"0 0 24 24\" aria-hidden=\"true\" focusable=\"false\"><rect x=\"4\" y=\"7.5\" width=\"16\" height=\"1.5\" \/><rect x=\"4\" y=\"15\" width=\"16\" height=\"1.5\" \/><\/svg><\/button>\n\t\t\t\t<div class=\"wp-block-navigation__responsive-container\"  id=\"modal-1\" \n\t\t\t\tdata-wp-class--has-modal-open=\"state.isMenuOpen\"\n\t\t\t\tdata-wp-class--is-menu-open=\"state.isMenuOpen\"\n\t\t\t\tdata-wp-watch=\"callbacks.initMenu\"\n\t\t\t\tdata-wp-on--keydown=\"actions.handleMenuKeydown\"\n\t\t\t\tdata-wp-on-async--focusout=\"actions.handleMenuFocusout\"\n\t\t\t\ttabindex=\"-1\"\n\t\t\t>\n\t\t\t\t\t<div class=\"wp-block-navigation__responsive-close\" tabindex=\"-1\">\n\t\t\t\t\t\t<div class=\"wp-block-navigation__responsive-dialog\" \n\t\t\t\tdata-wp-bind--aria-modal=\"state.ariaModal\"\n\t\t\t\tdata-wp-bind--aria-label=\"state.ariaLabel\"\n\t\t\t\tdata-wp-bind--role=\"state.roleAttribute\"\n\t\t\t>\n\t\t\t\t\t\t\t<button aria-label=\"Close menu\" class=\"wp-block-navigation__responsive-container-close\" \n\t\t\t\tdata-wp-on-async--click=\"actions.closeMenuOnClick\"\n\t\t\t><svg xmlns=\"http:\/\/www.w3.org\/2000\/svg\" viewBox=\"0 0 24 24\" width=\"24\" height=\"24\" aria-hidden=\"true\" focusable=\"false\"><path d=\"m13.06 12 6.47-6.47-1.06-1.06L12 10.94 5.53 4.47 4.47 5.53 10.94 12l-6.47 6.47 1.06 1.06L12 13.06l6.47 6.47 1.06-1.06L13.06 12Z\"><\/path><\/svg><\/button>\n\t\t\t\t\t\t\t<div class=\"wp-block-navigation__responsive-container-content\" \n\t\t\t\tdata-wp-watch=\"callbacks.focusFirstElement\"\n\t\t\t id=\"modal-1-content\">\n\t\t\t\t\t\t\t\t<ul style=\"background-color: #588fe0;\" class=\"wp-block-navigation__container has-text-color has-white-color has-background is-responsive items-justified-center wp-block-navigation\"><li data-wp-context=\"{ &quot;submenuOpenedBy&quot;: { &quot;click&quot;: false, &quot;hover&quot;: false, &quot;focus&quot;: false }, &quot;type&quot;: &quot;submenu&quot;, &quot;modal&quot;: null }\" data-wp-interactive=\"core\/navigation\" data-wp-on--focusout=\"actions.handleMenuFocusout\" data-wp-on--keydown=\"actions.handleMenuKeydown\" data-wp-on-async--mouseenter=\"actions.openMenuOnHover\" data-wp-on-async--mouseleave=\"actions.closeMenuOnHover\" data-wp-watch=\"callbacks.initMenu\" tabindex=\"-1\" style=\"font-style:normal;font-weight:700;\" class=\"wp-block-navigation-item has-child open-on-hover-click wp-block-navigation-submenu\"><a class=\"wp-block-navigation-item__content\" href=\"https:\/\/gtminug.com\/index.php\/acerca-de-minug\/\" target=\"_blank\"  ><span class=\"wp-block-navigation-item__label\">INFORMACION GENERAL<\/span><\/a><button data-wp-bind--aria-expanded=\"state.isMenuOpen\" data-wp-on-async--click=\"actions.toggleMenuOnClick\" aria-label=\"INFORMACION GENERAL submenu\" class=\"wp-block-navigation__submenu-icon wp-block-navigation-submenu__toggle\" ><svg xmlns=\"http:\/\/www.w3.org\/2000\/svg\" width=\"12\" height=\"12\" viewBox=\"0 0 12 12\" fill=\"none\" aria-hidden=\"true\" focusable=\"false\"><path d=\"M1.50002 4L6.00002 8L10.5 4\" stroke-width=\"1.5\"><\/path><\/svg><\/button><ul data-wp-on-async--focus=\"actions.openMenuOnFocus\" style=\"font-style:normal;font-weight:700;\" class=\"wp-block-navigation__submenu-container wp-block-navigation-submenu\"><li class=\" wp-block-navigation-item wp-block-navigation-link\"><a class=\"wp-block-navigation-item__content\"  href=\"https:\/\/gtminug.com\/index.php\/rumbominug-2025\/\"><span class=\"wp-block-navigation-item__label\">#RUMBOMINUG 2027<\/span><\/a><\/li><li class=\" wp-block-navigation-item wp-block-navigation-link\"><a class=\"wp-block-navigation-item__content\"  href=\"https:\/\/gtminug.com\/index.php\/665-2\/\"><span class=\"wp-block-navigation-item__label\">Preguntas Frecuentes (FAQ)<\/span><\/a><\/li><\/ul><\/li><li data-wp-context=\"{ &quot;submenuOpenedBy&quot;: { &quot;click&quot;: false, &quot;hover&quot;: false, &quot;focus&quot;: false }, &quot;type&quot;: &quot;submenu&quot;, &quot;modal&quot;: null }\" data-wp-interactive=\"core\/navigation\" data-wp-on--focusout=\"actions.handleMenuFocusout\" data-wp-on--keydown=\"actions.handleMenuKeydown\" data-wp-on-async--mouseenter=\"actions.openMenuOnHover\" data-wp-on-async--mouseleave=\"actions.closeMenuOnHover\" data-wp-watch=\"callbacks.initMenu\" tabindex=\"-1\" style=\"font-style:normal;font-weight:700;\" class=\"wp-block-navigation-item has-child open-on-hover-click wp-block-navigation-submenu\"><a class=\"wp-block-navigation-item__content\" href=\"https:\/\/gtminug.com\/index.php\/invitacion\/\" target=\"_blank\"  ><span class=\"wp-block-navigation-item__label\">INVITACI\u00d3N<\/span><\/a><button data-wp-bind--aria-expanded=\"state.isMenuOpen\" data-wp-on-async--click=\"actions.toggleMenuOnClick\" aria-label=\"INVITACI\u00d3N submenu\" class=\"wp-block-navigation__submenu-icon wp-block-navigation-submenu__toggle\" ><svg xmlns=\"http:\/\/www.w3.org\/2000\/svg\" width=\"12\" height=\"12\" viewBox=\"0 0 12 12\" fill=\"none\" aria-hidden=\"true\" focusable=\"false\"><path d=\"M1.50002 4L6.00002 8L10.5 4\" stroke-width=\"1.5\"><\/path><\/svg><\/button><ul data-wp-on-async--focus=\"actions.openMenuOnFocus\" style=\"font-style:normal;font-weight:700;\" class=\"wp-block-navigation__submenu-container wp-block-navigation-submenu\"><li class=\" wp-block-navigation-item wp-block-navigation-link\"><a class=\"wp-block-navigation-item__content\"  href=\"https:\/\/gtminug.com\/index.php\/invitacion\/\"><span class=\"wp-block-navigation-item__label\">INVITACI\u00d3N MINUG 2027<\/span><\/a><\/li><\/ul><\/li><li data-wp-context=\"{ &quot;submenuOpenedBy&quot;: { &quot;click&quot;: false, &quot;hover&quot;: false, &quot;focus&quot;: false }, &quot;type&quot;: &quot;submenu&quot;, &quot;modal&quot;: null }\" data-wp-interactive=\"core\/navigation\" data-wp-on--focusout=\"actions.handleMenuFocusout\" data-wp-on--keydown=\"actions.handleMenuKeydown\" data-wp-on-async--mouseenter=\"actions.openMenuOnHover\" data-wp-on-async--mouseleave=\"actions.closeMenuOnHover\" data-wp-watch=\"callbacks.initMenu\" tabindex=\"-1\" style=\"font-style:normal;font-weight:700;\" class=\"wp-block-navigation-item has-child open-on-hover-click wp-block-navigation-submenu has-small-font-size\"><a class=\"wp-block-navigation-item__content\" target=\"_blank\"  ><span class=\"wp-block-navigation-item__label\">PREPARACI\u00d3N PARA COMITE<\/span><\/a><button data-wp-bind--aria-expanded=\"state.isMenuOpen\" data-wp-on-async--click=\"actions.toggleMenuOnClick\" aria-label=\"PREPARACI\u00d3N PARA COMITE submenu\" class=\"wp-block-navigation__submenu-icon wp-block-navigation-submenu__toggle\" ><svg xmlns=\"http:\/\/www.w3.org\/2000\/svg\" width=\"12\" height=\"12\" viewBox=\"0 0 12 12\" fill=\"none\" aria-hidden=\"true\" focusable=\"false\"><path d=\"M1.50002 4L6.00002 8L10.5 4\" stroke-width=\"1.5\"><\/path><\/svg><\/button><ul data-wp-on-async--focus=\"actions.openMenuOnFocus\" style=\"font-style:normal;font-weight:700;\" class=\"wp-block-navigation__submenu-container wp-block-navigation-submenu has-small-font-size\"><li class=\" wp-block-navigation-item wp-block-navigation-link\"><a class=\"wp-block-navigation-item__content\"  href=\"https:\/\/gtminug.com\/index.php\/minug-pp\"><span class=\"wp-block-navigation-item__label\">POSITIONS PAPERS<\/span><\/a><\/li><li class=\" wp-block-navigation-item wp-block-navigation-link\"><a class=\"wp-block-navigation-item__content\"  href=\"https:\/\/gtminug.com\/index.php\/acerca-de-minug\/recursos-comite\/\"><span class=\"wp-block-navigation-item__label\">PREPARACI\u00d3N PARA COMIT\u00c9<\/span><\/a><\/li><li class=\" wp-block-navigation-item wp-block-navigation-link\"><a class=\"wp-block-navigation-item__content\"  href=\"https:\/\/gtminug.com\/index.php\/guias\/\"><span class=\"wp-block-navigation-item__label\"> GU\u00cdAS DE COMIT\u00c9<\/span><\/a><\/li><\/ul><\/li><li data-wp-context=\"{ &quot;submenuOpenedBy&quot;: { &quot;click&quot;: false, &quot;hover&quot;: false, &quot;focus&quot;: false }, &quot;type&quot;: &quot;submenu&quot;, &quot;modal&quot;: null }\" data-wp-interactive=\"core\/navigation\" data-wp-on--focusout=\"actions.handleMenuFocusout\" data-wp-on--keydown=\"actions.handleMenuKeydown\" data-wp-on-async--mouseenter=\"actions.openMenuOnHover\" data-wp-on-async--mouseleave=\"actions.closeMenuOnHover\" data-wp-watch=\"callbacks.initMenu\" tabindex=\"-1\" style=\"font-style:normal;font-weight:700;\" class=\"wp-block-navigation-item has-child open-on-hover-click wp-block-navigation-submenu has-small-font-size\"><a class=\"wp-block-navigation-item__content\" href=\"https:\/\/gtminug.com\/index.php\/acerca-de-minug\/recursos-comite\/\"><span class=\"wp-block-navigation-item__label\">DURANTE EL COMIT\u00c9<\/span><\/a><button data-wp-bind--aria-expanded=\"state.isMenuOpen\" data-wp-on-async--click=\"actions.toggleMenuOnClick\" aria-label=\"DURANTE EL COMIT\u00c9 submenu\" class=\"wp-block-navigation__submenu-icon wp-block-navigation-submenu__toggle\" ><svg xmlns=\"http:\/\/www.w3.org\/2000\/svg\" width=\"12\" height=\"12\" viewBox=\"0 0 12 12\" fill=\"none\" aria-hidden=\"true\" focusable=\"false\"><path d=\"M1.50002 4L6.00002 8L10.5 4\" stroke-width=\"1.5\"><\/path><\/svg><\/button><ul data-wp-on-async--focus=\"actions.openMenuOnFocus\" style=\"font-style:normal;font-weight:700;\" class=\"wp-block-navigation__submenu-container wp-block-navigation-submenu has-small-font-size\"><li class=\" wp-block-navigation-item wp-block-navigation-link\"><a class=\"wp-block-navigation-item__content\"  href=\"https:\/\/gtminug.com\/index.php\/edicion-2026\/\"><span class=\"wp-block-navigation-item__label\">INFORMACI\u00d3N GENERAL<\/span><\/a><\/li><\/ul><\/li><\/ul>\n\t\t\t\t\t\t\t<\/div>\n\t\t\t\t\t\t<\/div>\n\t\t\t\t\t<\/div>\n\t\t\t\t<\/div><\/nav>\n\n\n<p class=\"has-medium-font-size\"><\/p>\n\n\n\n<figure class=\"wp-block-image aligncenter size-large\"><img loading=\"lazy\" decoding=\"async\" width=\"1040\" height=\"585\" src=\"https:\/\/gtminug.com\/wp-content\/uploads\/2026\/04\/WhatsApp-Image-2026-04-17-at-10.35.12-AM-2-edited.jpeg\" alt=\"\" class=\"wp-image-819\" srcset=\"https:\/\/gtminug.com\/wp-content\/uploads\/2026\/04\/WhatsApp-Image-2026-04-17-at-10.35.12-AM-2-edited.jpeg 1040w, https:\/\/gtminug.com\/wp-content\/uploads\/2026\/04\/WhatsApp-Image-2026-04-17-at-10.35.12-AM-2-edited-300x169.jpeg 300w, https:\/\/gtminug.com\/wp-content\/uploads\/2026\/04\/WhatsApp-Image-2026-04-17-at-10.35.12-AM-2-edited-1024x576.jpeg 1024w, https:\/\/gtminug.com\/wp-content\/uploads\/2026\/04\/WhatsApp-Image-2026-04-17-at-10.35.12-AM-2-edited-768x432.jpeg 768w\" sizes=\"auto, (max-width: 1040px) 100vw, 1040px\" \/><\/figure>\n\n\n\n<h2 class=\"wp-block-heading alignwide has-text-align-center has-max-48-font-size\">COMIT\u00c9S EDICI\u00d3N 2027<\/h2>\n\n\n\n<ul class=\"wp-block-list is-style-no-disc has-foreground-color has-text-color has-link-color has-medium-font-size wp-elements-6c1ae76382dfed08cc0435c19f6d2e55\">\n<li class=\"has-foreground-color has-text-color has-link-color has-small-font-size wp-elements-dc70b7ce09466e91a372ca79d710b3a6\">Aqu\u00ed encontrar\u00e1s los comit\u00e9s a simular en la edici\u00f3n 2027<\/li>\n<\/ul>\n\n\n\n<p><\/p>\n\n\n\n<h2 class=\"wp-block-heading has-text-align-center has-max-36-font-size\">T\u00d3PICOS EDICI\u00d3N 202<\/h2>\n\n\n\n<figure class=\"wp-block-table is-style-stripes has-epilogue-font-family\" style=\"font-size:6px;font-style:normal;font-weight:200\"><table class=\"has-foreground-color has-text-color has-background has-link-color\" style=\"background-color:#6093d6ba;border-style:none;border-width:0px\"><thead><tr><th>Comit\u00e9<\/th><th><strong><strong>Comit\u00e9<\/strong><\/strong><\/th><th><strong>Comit\u00e9<\/strong><\/th><\/tr><\/thead><tbody><tr><td><strong>T\u00f3pico 1:<\/strong> <br><strong><strong>T\u00f3pico<\/strong> 2:<\/strong> <\/td><td><strong><strong>T\u00f3pico<\/strong> 1: <\/strong><br><strong><strong>T\u00f3pico<\/strong> 2:<\/strong> <\/td><td><strong><strong>T<\/strong>opic 1:<\/strong> <br><strong><strong>T<\/strong>opic 2:<\/strong> <\/td><\/tr><tr><td><strong>Comit\u00e9<\/strong><\/td><td><strong>Comit\u00e9<\/strong><\/td><td><strong>Comit\u00e9<\/strong><\/td><\/tr><tr><td><strong><strong>T\u00f3pico<\/strong> 1:<\/strong> <br><strong><strong>T\u00f3pico<\/strong> 2:<\/strong> <\/td><td><strong><strong>T\u00f3pico<\/strong> 1:<\/strong> <br><strong>T\u00f3pico<\/strong> <strong>2<\/strong>: <br><\/td><td><strong>T\u00f3pico 1: <\/strong><br><strong>T\u00f3pico 2:<\/strong> <\/td><\/tr><\/tbody><\/table><\/figure>\n\n\n\n<h1 class=\"wp-block-heading has-text-align-center\"><\/h1>\n\n\n\n<div class=\"wp-block-cover\" style=\"min-height:330px;aspect-ratio:unset;\"><img loading=\"lazy\" decoding=\"async\" width=\"1024\" height=\"768\" class=\"wp-block-cover__image-background wp-image-569 size-large\" alt=\"\" src=\"https:\/\/gtminug.com\/wp-content\/uploads\/2025\/08\/DSCN1070-1024x768.jpg\" data-object-fit=\"cover\" srcset=\"https:\/\/gtminug.com\/wp-content\/uploads\/2025\/08\/DSCN1070-1024x768.jpg 1024w, https:\/\/gtminug.com\/wp-content\/uploads\/2025\/08\/DSCN1070-300x225.jpg 300w, https:\/\/gtminug.com\/wp-content\/uploads\/2025\/08\/DSCN1070-768x576.jpg 768w, https:\/\/gtminug.com\/wp-content\/uploads\/2025\/08\/DSCN1070-1536x1152.jpg 1536w, https:\/\/gtminug.com\/wp-content\/uploads\/2025\/08\/DSCN1070-2048x1536.jpg 2048w\" sizes=\"auto, (max-width: 1024px) 100vw, 1024px\" \/><span aria-hidden=\"true\" class=\"wp-block-cover__background has-background-dim\" style=\"background-color:#6c6b6e\"><\/span><div class=\"wp-block-cover__inner-container has-global-padding is-layout-constrained wp-block-cover-is-layout-constrained\">\n<p class=\"has-text-align-center has-x-large-font-size\">Prep\u00e1rate para el comit\u00e9<\/p>\n\n\n\n<div class=\"wp-block-buttons is-content-justification-center is-layout-flex wp-container-core-buttons-is-layout-a89b3969 wp-block-buttons-is-layout-flex\">\n<div class=\"wp-block-button\"><a class=\"wp-block-button__link wp-element-button\" href=\"https:\/\/gtminug.com\/index.php\/acerca-de-minug\/recursos-comite\/\">Gu\u00edas y Recursos Acad\u00e9micos<\/a><\/div>\n<\/div>\n<\/div><\/div>\n\n\n\n<div class=\"wp-block-columns is-layout-flex wp-container-core-columns-is-layout-28f84493 wp-block-columns-is-layout-flex\">\n<div class=\"wp-block-column is-layout-flow wp-block-column-is-layout-flow\" style=\"flex-basis:100%\"><\/div>\n<\/div>\n\n\n\n<div class=\"wp-block-group has-global-padding is-layout-constrained wp-block-group-is-layout-constrained\">\n<div style=\"height:0px\" aria-hidden=\"true\" class=\"wp-block-spacer\"><\/div>\n\n\n\n<div style=\"height:58px\" aria-hidden=\"true\" class=\"wp-block-spacer\"><\/div>\n<\/div>\n","protected":false},"excerpt":{"rendered":"<p>COMIT\u00c9S EDICI\u00d3N 2027 T\u00d3PICOS EDICI\u00d3N 202 Comit\u00e9 Comit\u00e9 Comit\u00e9 T\u00f3pico 1: T\u00f3pico 2: T\u00f3pico 1: T\u00f3pico 2: Topic 1: Topic 2: Comit\u00e9 Comit\u00e9 Comit\u00e9 T\u00f3pico 1: T\u00f3pico 2: T\u00f3pico 1: T\u00f3pico 2: T\u00f3pico 1: T\u00f3pico 2:<\/p>\n","protected":false},"author":1,"featured_media":0,"parent":0,"menu_order":0,"comment_status":"closed","ping_status":"closed","template":"","meta":{"_monsterinsights_skip_tracking":false,"_monsterinsights_sitenote_active":false,"_monsterinsights_sitenote_note":"","_monsterinsights_sitenote_category":0,"footnotes":""},"class_list":["post-412","page","type-page","status-publish","hentry"],"_links":{"self":[{"href":"https:\/\/gtminug.com\/index.php\/wp-json\/wp\/v2\/pages\/412","targetHints":{"allow":["GET"]}}],"collection":[{"href":"https:\/\/gtminug.com\/index.php\/wp-json\/wp\/v2\/pages"}],"about":[{"href":"https:\/\/gtminug.com\/index.php\/wp-json\/wp\/v2\/types\/page"}],"author":[{"embeddable":true,"href":"https:\/\/gtminug.com\/index.php\/wp-json\/wp\/v2\/users\/1"}],"replies":[{"embeddable":true,"href":"https:\/\/gtminug.com\/index.php\/wp-json\/wp\/v2\/comments?post=412"}],"version-history":[{"count":39,"href":"https:\/\/gtminug.com\/index.php\/wp-json\/wp\/v2\/pages\/412\/revisions"}],"predecessor-version":[{"id":821,"href":"https:\/\/gtminug.com\/index.php\/wp-json\/wp\/v2\/pages\/412\/revisions\/821"}],"wp:attachment":[{"href":"https:\/\/gtminug.com\/index.php\/wp-json\/wp\/v2\/media?parent=412"}],"curies":[{"name":"wp","href":"https:\/\/api.w.org\/{rel}","templated":true}]}}