{"id":44,"date":"2023-07-31T21:09:43","date_gmt":"2023-07-31T21:09:43","guid":{"rendered":"https:\/\/gtminug.com\/?page_id=44"},"modified":"2023-07-31T22:19:51","modified_gmt":"2023-07-31T22:19:51","slug":"ediciones","status":"publish","type":"page","link":"https:\/\/gtminug.com\/index.php\/ediciones\/","title":{"rendered":"EDICIONES"},"content":{"rendered":"\n<p class=\"has-medium-font-size\">El Modelo de Naciones Unidas de Guatemala tuvo su primera edici\u00f3n en el a\u00f1o 2020 en la Ciudad de Guatemala, con el fin de mantener un esp\u00edritu acad\u00e9mico y cumpliendo con el principio de interuniversitario, para la edici\u00f3n esta edici\u00f3n, en fechas del 18 al 21 de febrero, fue pensado el Campus Central de la Universidad Rafael Land\u00edvar; atendiendo, adem\u00e1s, que la Secretar\u00eda General 2019-2020 es ostentada por el Lic. Mauricio Rosales Schettini, landivariano egresado de la Facultad de Ciencias Pol\u00edticas y Sociales. Adem\u00e1s, de tener dentro de las Secretar\u00edas, Mesas Directivas y delegaciones, a estudiantes activos en las licenciaturas de Relaciones Internacionales y Ciencia Pol\u00edtica de la casa de estudios mencionada.<\/p>\n\n\n\n<figure class=\"wp-block-image size-full\"><img loading=\"lazy\" decoding=\"async\" width=\"960\" height=\"640\" src=\"https:\/\/gtminug.com\/wp-content\/uploads\/2023\/07\/86729595_205781140796509_6638238127699787776_n.jpg\" alt=\"\" class=\"wp-image-84\" srcset=\"https:\/\/gtminug.com\/wp-content\/uploads\/2023\/07\/86729595_205781140796509_6638238127699787776_n.jpg 960w, https:\/\/gtminug.com\/wp-content\/uploads\/2023\/07\/86729595_205781140796509_6638238127699787776_n-300x200.jpg 300w, https:\/\/gtminug.com\/wp-content\/uploads\/2023\/07\/86729595_205781140796509_6638238127699787776_n-768x512.jpg 768w\" sizes=\"auto, (max-width: 960px) 100vw, 960px\" \/><\/figure>\n","protected":false},"excerpt":{"rendered":"<p>El Modelo de Naciones Unidas de Guatemala tuvo su primera edici\u00f3n en el a\u00f1o 2020 en la Ciudad de Guatemala, con el fin de mantener un esp\u00edritu acad\u00e9mico y cumpliendo con el principio de interuniversitario, para la edici\u00f3n esta edici\u00f3n, en fechas del 18 al 21 de febrero, fue pensado el Campus Central de la [&hellip;]<\/p>\n","protected":false},"author":1,"featured_media":0,"parent":0,"menu_order":0,"comment_status":"closed","ping_status":"closed","template":"","meta":{"_monsterinsights_skip_tracking":false,"_monsterinsights_sitenote_active":false,"_monsterinsights_sitenote_note":"","_monsterinsights_sitenote_category":0,"footnotes":""},"class_list":["post-44","page","type-page","status-publish","hentry"],"_links":{"self":[{"href":"https:\/\/gtminug.com\/index.php\/wp-json\/wp\/v2\/pages\/44","targetHints":{"allow":["GET"]}}],"collection":[{"href":"https:\/\/gtminug.com\/index.php\/wp-json\/wp\/v2\/pages"}],"about":[{"href":"https:\/\/gtminug.com\/index.php\/wp-json\/wp\/v2\/types\/page"}],"author":[{"embeddable":true,"href":"https:\/\/gtminug.com\/index.php\/wp-json\/wp\/v2\/users\/1"}],"replies":[{"embeddable":true,"href":"https:\/\/gtminug.com\/index.php\/wp-json\/wp\/v2\/comments?post=44"}],"version-history":[{"count":3,"href":"https:\/\/gtminug.com\/index.php\/wp-json\/wp\/v2\/pages\/44\/revisions"}],"predecessor-version":[{"id":85,"href":"https:\/\/gtminug.com\/index.php\/wp-json\/wp\/v2\/pages\/44\/revisions\/85"}],"wp:attachment":[{"href":"https:\/\/gtminug.com\/index.php\/wp-json\/wp\/v2\/media?parent=44"}],"curies":[{"name":"wp","href":"https:\/\/api.w.org\/{rel}","templated":true}]}}