{"id":473,"date":"2025-05-20T18:18:23","date_gmt":"2025-05-20T18:18:23","guid":{"rendered":"https:\/\/gtminug.com\/?page_id=473"},"modified":"2025-09-19T21:43:32","modified_gmt":"2025-09-19T21:43:32","slug":"edicion-2025","status":"publish","type":"page","link":"https:\/\/gtminug.com\/index.php\/edicion-2025\/","title":{"rendered":"EDICI\u00d3N 2025"},"content":{"rendered":"\n<div class=\"wp-block-cover\"><img loading=\"lazy\" decoding=\"async\" width=\"1024\" height=\"683\" class=\"wp-block-cover__image-background wp-image-475 size-large\" alt=\"\" src=\"https:\/\/gtminug.com\/wp-content\/uploads\/2025\/05\/IMG_5276-1024x683.jpg\" data-object-fit=\"cover\" srcset=\"https:\/\/gtminug.com\/wp-content\/uploads\/2025\/05\/IMG_5276-1024x683.jpg 1024w, https:\/\/gtminug.com\/wp-content\/uploads\/2025\/05\/IMG_5276-300x200.jpg 300w, https:\/\/gtminug.com\/wp-content\/uploads\/2025\/05\/IMG_5276-768x512.jpg 768w, https:\/\/gtminug.com\/wp-content\/uploads\/2025\/05\/IMG_5276-1536x1024.jpg 1536w, https:\/\/gtminug.com\/wp-content\/uploads\/2025\/05\/IMG_5276-2048x1365.jpg 2048w\" sizes=\"auto, (max-width: 1024px) 100vw, 1024px\" \/><span aria-hidden=\"true\" class=\"wp-block-cover__background has-background-dim\" style=\"background-color:#6e7380\"><\/span><div class=\"wp-block-cover__inner-container has-global-padding is-layout-constrained wp-block-cover-is-layout-constrained\">\n<p class=\"has-text-align-center has-white-color has-text-color has-link-color has-x-large-font-size wp-elements-8db1e8055218cff0bbc68066e81c9f97\"><strong>\u201c2025: A\u00f1o Internacional de la Consolidaci\u00f3n de la Paz y la Confianza. Juventudes, Paz y Desarrollo: Un llamado de acci\u00f3n en conjunto\u201d<\/strong><\/p>\n<\/div><\/div>\n\n\n\n<p class=\"has-text-align-center has-foreground-color has-text-color has-link-color has-medium-font-size wp-elements-d285361cfc445ef2777e2a21b2889f8c\">ODS 16: Paz, Justicia e Instituciones S\u00f3lidas y  ODS 4: Educaci\u00f3n de Calidad<\/p>\n\n\n\n<figure class=\"wp-block-table is-style-stripes\" style=\"font-style:normal;font-weight:500\"><table class=\"has-foreground-color has-text-color has-background has-link-color has-fixed-layout\" style=\"background-color:#bacbe7;border-style:none;border-width:0px\"><thead><tr><th class=\"has-text-align-left\" data-align=\"left\"><\/th><th>SECRETARIADO 2024-2025<\/th><th><\/th><\/tr><\/thead><tbody><tr><td class=\"has-text-align-left\" data-align=\"left\">Secretar\u00eda General<\/td><td><strong>Secretar\u00eda de Finanzas<\/strong><\/td><td>Secretar\u00eda de Protocolo<\/td><\/tr><tr><td class=\"has-text-align-left\" data-align=\"left\">Secretario General: Esteban David Alvarado Gonz\u00e1lez<br>Secretaria General Adjunta: Alexandra Paola Ram\u00edrez Ram\u00edrez<\/td><td>Secretaria Titular: Ximena Limatuj Guerra<br>Secretario Adjunto: Adri\u00e1n Alfredo de Jes\u00fas Urrutia Pivaral<\/td><td>Secretario Titular: Adrian Soberanis Toledo<br>Secretario Adjunto: Victor Josu\u00e9 Maldonado Vargas<br>Secretaria Adjunta: Tatiana Hessarele S\u00e1nchez<br>Secretaria Adjunta: Elsie Adriana Arriaza L\u00f3pez<br>Secretaria Adjunta: Alicia Mercedez Valdez Guerra<\/td><\/tr><tr><td class=\"has-text-align-left\" data-align=\"left\">Secretar\u00eda de Comunicaciones<\/td><td>Secretar\u00eda Acad\u00e9mica<\/td><td>Secretar\u00eda de Relaciones P\u00fablicas<\/td><\/tr><tr><td class=\"has-text-align-left\" data-align=\"left\">Secretaria Titular: M\u00f3nica Gabriela S\u00e1nchez Llamas<br>Secretaria Adjunta: Lourdes Melissa Barillas Delgado<br>Secretaria Adjunta: Anyka Eunice Llanes Jimenez<\/td><td>Secretario Titular: Caleb Cameros Marroqu\u00edn<br>Secretario Adjunto: Stuardo Batres Godoy<br>Secretaria Adjunta: Mirza Viviana Qui\u00f1onez Mart\u00ednez<br>Secretario Adjunto: Wesley Francisco Coc\u00f3n Muj<br>Secretaria Adjunta: Jatziry Dessir\u00e9 P\u00e9rez Vel\u00e1squez<br>Secretaria Adjunta: Lourdes Beatriz P\u00e9rez G\u00f3mez<br>Secretaria Adjunta: Mar\u00eda Andr\u00e9 Duarte Hern\u00e1ndez<\/td><td>Secretario Titular: Juan Luis Tzapin C\u00f3rdova<br>Secretario Adjunto: Pablo David Escobar Cifuentes<br>Secretaria Adjunta: Ashley Nahomy L\u00f3pez Ochoa<br>Secretaria Adjunta: Sherry Alexandra Norales Nu\u00f1ez<\/td><\/tr><\/tbody><\/table><\/figure>\n\n\n\n<p class=\"has-foreground-color has-text-color\" style=\"line-height:0.5\"><\/p>\n\n\n\n<div class=\"wp-block-envira-envira-gallery\"><div id=\"envira-gallery-wrap-487\" class=\"envira-gallery-wrap envira-gallery-theme-base envira-lightbox-theme-base\" itemscope itemtype=\"https:\/\/schema.org\/ImageGallery\"><div data-row-height=\"150\" data-gallery-theme=\"normal\" id=\"envira-gallery-487\" class=\"envira-gallery-public envira-gallery-justified-public envira-gallery-0-columns envira-clear enviratope envira-gallery-css-animations\" data-envira-columns=\"0\"><div id=\"envira-gallery-item-482\" class=\"envira-gallery-item enviratope-item envira-gallery-item-1 envira-lazy-load\" style=\"padding-left: 1px; padding-bottom: 1px; padding-right: 1px;\"  itemscope itemtype=\"https:\/\/schema.org\/ImageObject\"><div class=\"envira-gallery-item-inner\"><div class=\"envira-gallery-position-overlay  envira-gallery-top-left\"><\/div><div class=\"envira-gallery-position-overlay  envira-gallery-top-right\"><\/div><div class=\"envira-gallery-position-overlay  envira-gallery-bottom-left\"><\/div><div class=\"envira-gallery-position-overlay  envira-gallery-bottom-right\"><\/div><a href=\"https:\/\/gtminug.com\/wp-content\/uploads\/2025\/05\/DSCN1506-scaled.jpg\" class=\"envira-gallery-487 envira-gallery-link\" rel=\"enviragallery487\" title=\"DSCN1506\" data-envira-caption=\"DSCN1506\" data-envira-retina=\"\" data-thumbnail=\"\"  itemprop=\"contentUrl\"><img decoding=\"async\" id=\"envira-gallery-image-482\" class=\"envira-gallery-image envira-gallery-image-1 envira-normal envira-lazy\" data-envira-index=\"1\" src=\"https:\/\/gtminug.com\/wp-content\/uploads\/2025\/05\/DSCN1506-1024x768-640x480.jpg\" data-envira-src=\"https:\/\/gtminug.com\/wp-content\/uploads\/2025\/05\/DSCN1506-1024x768-640x480.jpg\" data-envira-gallery-id=\"487\" data-envira-item-id=\"482\" data-envira-caption=\"DSCN1506\" alt=\"\" title=\"DSCN1506\"  itemprop=\"thumbnailUrl\" data-envira-srcset=\"https:\/\/gtminug.com\/wp-content\/uploads\/2025\/05\/DSCN1506-1024x768-640x480.jpg 400w,https:\/\/gtminug.com\/wp-content\/uploads\/2025\/05\/DSCN1506-1024x768-640x480.jpg 2x\" data-envira-width=\"300\" data-envira-height=\"225\" srcset=\"data:image\/gif;base64,R0lGODlhAQABAIAAAP\/\/\/\/\/\/\/yH5BAEKAAEALAAAAAABAAEAAAICTAEAOw==\" data-safe-src=\"data:image\/gif;base64,R0lGODlhAQABAIAAAP\/\/\/\/\/\/\/yH5BAEKAAEALAAAAAABAAEAAAICTAEAOw==\" \/><\/a><\/div><\/div><div id=\"envira-gallery-item-483\" class=\"envira-gallery-item enviratope-item envira-gallery-item-2 envira-lazy-load\" style=\"padding-left: 1px; padding-bottom: 1px; padding-right: 1px;\"  itemscope itemtype=\"https:\/\/schema.org\/ImageObject\"><div class=\"envira-gallery-item-inner\"><div class=\"envira-gallery-position-overlay  envira-gallery-top-left\"><\/div><div class=\"envira-gallery-position-overlay  envira-gallery-top-right\"><\/div><div class=\"envira-gallery-position-overlay  envira-gallery-bottom-left\"><\/div><div class=\"envira-gallery-position-overlay  envira-gallery-bottom-right\"><\/div><a href=\"https:\/\/gtminug.com\/wp-content\/uploads\/2025\/05\/DSCN0718-scaled.jpg\" class=\"envira-gallery-487 envira-gallery-link\" rel=\"enviragallery487\" title=\"DSCN0718\" data-envira-caption=\"DSCN0718\" data-envira-retina=\"\" data-thumbnail=\"\"  itemprop=\"contentUrl\"><img decoding=\"async\" id=\"envira-gallery-image-483\" class=\"envira-gallery-image envira-gallery-image-2 envira-normal envira-lazy\" data-envira-index=\"2\" src=\"https:\/\/gtminug.com\/wp-content\/uploads\/2025\/05\/DSCN0718-1024x768-640x480.jpg\" data-envira-src=\"https:\/\/gtminug.com\/wp-content\/uploads\/2025\/05\/DSCN0718-1024x768-640x480.jpg\" data-envira-gallery-id=\"487\" data-envira-item-id=\"483\" data-envira-caption=\"DSCN0718\" alt=\"\" title=\"DSCN0718\"  itemprop=\"thumbnailUrl\" data-envira-srcset=\"https:\/\/gtminug.com\/wp-content\/uploads\/2025\/05\/DSCN0718-1024x768-640x480.jpg 400w,https:\/\/gtminug.com\/wp-content\/uploads\/2025\/05\/DSCN0718-1024x768-640x480.jpg 2x\" data-envira-width=\"300\" data-envira-height=\"225\" srcset=\"data:image\/gif;base64,R0lGODlhAQABAIAAAP\/\/\/\/\/\/\/yH5BAEKAAEALAAAAAABAAEAAAICTAEAOw==\" data-safe-src=\"data:image\/gif;base64,R0lGODlhAQABAIAAAP\/\/\/\/\/\/\/yH5BAEKAAEALAAAAAABAAEAAAICTAEAOw==\" \/><\/a><\/div><\/div><div id=\"envira-gallery-item-485\" class=\"envira-gallery-item enviratope-item envira-gallery-item-3 envira-lazy-load\" style=\"padding-left: 1px; padding-bottom: 1px; padding-right: 1px;\"  itemscope itemtype=\"https:\/\/schema.org\/ImageObject\"><div class=\"envira-gallery-item-inner\"><div class=\"envira-gallery-position-overlay  envira-gallery-top-left\"><\/div><div class=\"envira-gallery-position-overlay  envira-gallery-top-right\"><\/div><div class=\"envira-gallery-position-overlay  envira-gallery-bottom-left\"><\/div><div class=\"envira-gallery-position-overlay  envira-gallery-bottom-right\"><\/div><a href=\"https:\/\/gtminug.com\/wp-content\/uploads\/2025\/05\/DSCN1138-1.jpg\" class=\"envira-gallery-487 envira-gallery-link\" rel=\"enviragallery487\" title=\"DSCN1138-1\" data-envira-caption=\"DSCN1138-1\" data-envira-retina=\"\" data-thumbnail=\"\"  itemprop=\"contentUrl\"><img decoding=\"async\" id=\"envira-gallery-image-485\" class=\"envira-gallery-image envira-gallery-image-3 envira-normal envira-lazy\" data-envira-index=\"3\" src=\"https:\/\/gtminug.com\/wp-content\/uploads\/2025\/05\/DSCN1138-1-1024x768-640x480.jpg\" data-envira-src=\"https:\/\/gtminug.com\/wp-content\/uploads\/2025\/05\/DSCN1138-1-1024x768-640x480.jpg\" data-envira-gallery-id=\"487\" data-envira-item-id=\"485\" data-envira-caption=\"DSCN1138-1\" alt=\"\" title=\"DSCN1138-1\"  itemprop=\"thumbnailUrl\" data-envira-srcset=\"https:\/\/gtminug.com\/wp-content\/uploads\/2025\/05\/DSCN1138-1-1024x768-640x480.jpg 400w,https:\/\/gtminug.com\/wp-content\/uploads\/2025\/05\/DSCN1138-1-1024x768-640x480.jpg 2x\" data-envira-width=\"300\" data-envira-height=\"225\" srcset=\"data:image\/gif;base64,R0lGODlhAQABAIAAAP\/\/\/\/\/\/\/yH5BAEKAAEALAAAAAABAAEAAAICTAEAOw==\" data-safe-src=\"data:image\/gif;base64,R0lGODlhAQABAIAAAP\/\/\/\/\/\/\/yH5BAEKAAEALAAAAAABAAEAAAICTAEAOw==\" \/><\/a><\/div><\/div><div id=\"envira-gallery-item-486\" class=\"envira-gallery-item enviratope-item envira-gallery-item-4 envira-lazy-load\" style=\"padding-left: 1px; padding-bottom: 1px; padding-right: 1px;\"  itemscope itemtype=\"https:\/\/schema.org\/ImageObject\"><div class=\"envira-gallery-item-inner\"><div class=\"envira-gallery-position-overlay  envira-gallery-top-left\"><\/div><div class=\"envira-gallery-position-overlay  envira-gallery-top-right\"><\/div><div class=\"envira-gallery-position-overlay  envira-gallery-bottom-left\"><\/div><div class=\"envira-gallery-position-overlay  envira-gallery-bottom-right\"><\/div><a href=\"https:\/\/gtminug.com\/wp-content\/uploads\/2025\/05\/DSCN1070-scaled.jpg\" class=\"envira-gallery-487 envira-gallery-link\" rel=\"enviragallery487\" title=\"DSCN1070\" data-envira-caption=\"DSCN1070\" data-envira-retina=\"\" data-thumbnail=\"\"  itemprop=\"contentUrl\"><img decoding=\"async\" id=\"envira-gallery-image-486\" class=\"envira-gallery-image envira-gallery-image-4 envira-normal envira-lazy\" data-envira-index=\"4\" src=\"https:\/\/gtminug.com\/wp-content\/uploads\/2025\/05\/DSCN1070-1024x768-640x480.jpg\" data-envira-src=\"https:\/\/gtminug.com\/wp-content\/uploads\/2025\/05\/DSCN1070-1024x768-640x480.jpg\" data-envira-gallery-id=\"487\" data-envira-item-id=\"486\" data-envira-caption=\"DSCN1070\" alt=\"\" title=\"DSCN1070\"  itemprop=\"thumbnailUrl\" data-envira-srcset=\"https:\/\/gtminug.com\/wp-content\/uploads\/2025\/05\/DSCN1070-1024x768-640x480.jpg 400w,https:\/\/gtminug.com\/wp-content\/uploads\/2025\/05\/DSCN1070-1024x768-640x480.jpg 2x\" data-envira-width=\"300\" data-envira-height=\"225\" srcset=\"data:image\/gif;base64,R0lGODlhAQABAIAAAP\/\/\/\/\/\/\/yH5BAEKAAEALAAAAAABAAEAAAICTAEAOw==\" data-safe-src=\"data:image\/gif;base64,R0lGODlhAQABAIAAAP\/\/\/\/\/\/\/yH5BAEKAAEALAAAAAABAAEAAAICTAEAOw==\" \/><\/a><\/div><\/div><div id=\"envira-gallery-item-488\" class=\"envira-gallery-item enviratope-item envira-gallery-item-5 envira-lazy-load\" style=\"padding-left: 1px; padding-bottom: 1px; padding-right: 1px;\"  itemscope itemtype=\"https:\/\/schema.org\/ImageObject\"><div class=\"envira-gallery-item-inner\"><div class=\"envira-gallery-position-overlay  envira-gallery-top-left\"><\/div><div class=\"envira-gallery-position-overlay  envira-gallery-top-right\"><\/div><div class=\"envira-gallery-position-overlay  envira-gallery-bottom-left\"><\/div><div class=\"envira-gallery-position-overlay  envira-gallery-bottom-right\"><\/div><a href=\"https:\/\/gtminug.com\/wp-content\/uploads\/2025\/05\/DSCN1010-scaled.jpg\" class=\"envira-gallery-487 envira-gallery-link\" rel=\"enviragallery487\" title=\"DSCN1010\" data-envira-caption=\"DSCN1010\" data-envira-retina=\"\" data-thumbnail=\"\"  itemprop=\"contentUrl\"><img decoding=\"async\" id=\"envira-gallery-image-488\" class=\"envira-gallery-image envira-gallery-image-5 envira-normal envira-lazy\" data-envira-index=\"5\" src=\"https:\/\/gtminug.com\/wp-content\/uploads\/2025\/05\/DSCN1010-1024x768-640x480.jpg\" data-envira-src=\"https:\/\/gtminug.com\/wp-content\/uploads\/2025\/05\/DSCN1010-1024x768-640x480.jpg\" data-envira-gallery-id=\"487\" data-envira-item-id=\"488\" data-envira-caption=\"DSCN1010\" alt=\"\" title=\"DSCN1010\"  itemprop=\"thumbnailUrl\" data-envira-srcset=\"https:\/\/gtminug.com\/wp-content\/uploads\/2025\/05\/DSCN1010-1024x768-640x480.jpg 400w,https:\/\/gtminug.com\/wp-content\/uploads\/2025\/05\/DSCN1010-1024x768-640x480.jpg 2x\" data-envira-width=\"300\" data-envira-height=\"225\" srcset=\"data:image\/gif;base64,R0lGODlhAQABAIAAAP\/\/\/\/\/\/\/yH5BAEKAAEALAAAAAABAAEAAAICTAEAOw==\" data-safe-src=\"data:image\/gif;base64,R0lGODlhAQABAIAAAP\/\/\/\/\/\/\/yH5BAEKAAEALAAAAAABAAEAAAICTAEAOw==\" \/><\/a><\/div><\/div><div id=\"envira-gallery-item-489\" class=\"envira-gallery-item enviratope-item envira-gallery-item-6 envira-lazy-load\" style=\"padding-left: 1px; padding-bottom: 1px; padding-right: 1px;\"  itemscope itemtype=\"https:\/\/schema.org\/ImageObject\"><div class=\"envira-gallery-item-inner\"><div class=\"envira-gallery-position-overlay  envira-gallery-top-left\"><\/div><div class=\"envira-gallery-position-overlay  envira-gallery-top-right\"><\/div><div class=\"envira-gallery-position-overlay  envira-gallery-bottom-left\"><\/div><div class=\"envira-gallery-position-overlay  envira-gallery-bottom-right\"><\/div><a href=\"https:\/\/gtminug.com\/wp-content\/uploads\/2025\/05\/DSCN0986-scaled.jpg\" class=\"envira-gallery-487 envira-gallery-link\" rel=\"enviragallery487\" title=\"DSCN0986\" data-envira-caption=\"DSCN0986\" data-envira-retina=\"\" data-thumbnail=\"\"  itemprop=\"contentUrl\"><img decoding=\"async\" id=\"envira-gallery-image-489\" class=\"envira-gallery-image envira-gallery-image-6 envira-normal envira-lazy\" data-envira-index=\"6\" src=\"https:\/\/gtminug.com\/wp-content\/uploads\/2025\/05\/DSCN0986-1024x768-640x480.jpg\" data-envira-src=\"https:\/\/gtminug.com\/wp-content\/uploads\/2025\/05\/DSCN0986-1024x768-640x480.jpg\" data-envira-gallery-id=\"487\" data-envira-item-id=\"489\" data-envira-caption=\"DSCN0986\" alt=\"\" title=\"DSCN0986\"  itemprop=\"thumbnailUrl\" data-envira-srcset=\"https:\/\/gtminug.com\/wp-content\/uploads\/2025\/05\/DSCN0986-1024x768-640x480.jpg 400w,https:\/\/gtminug.com\/wp-content\/uploads\/2025\/05\/DSCN0986-1024x768-640x480.jpg 2x\" data-envira-width=\"300\" data-envira-height=\"225\" srcset=\"data:image\/gif;base64,R0lGODlhAQABAIAAAP\/\/\/\/\/\/\/yH5BAEKAAEALAAAAAABAAEAAAICTAEAOw==\" data-safe-src=\"data:image\/gif;base64,R0lGODlhAQABAIAAAP\/\/\/\/\/\/\/yH5BAEKAAEALAAAAAABAAEAAAICTAEAOw==\" \/><\/a><\/div><\/div><div id=\"envira-gallery-item-490\" class=\"envira-gallery-item enviratope-item envira-gallery-item-7 envira-lazy-load\" style=\"padding-left: 1px; padding-bottom: 1px; padding-right: 1px;\"  itemscope itemtype=\"https:\/\/schema.org\/ImageObject\"><div class=\"envira-gallery-item-inner\"><div class=\"envira-gallery-position-overlay  envira-gallery-top-left\"><\/div><div class=\"envira-gallery-position-overlay  envira-gallery-top-right\"><\/div><div class=\"envira-gallery-position-overlay  envira-gallery-bottom-left\"><\/div><div class=\"envira-gallery-position-overlay  envira-gallery-bottom-right\"><\/div><a href=\"https:\/\/gtminug.com\/wp-content\/uploads\/2025\/05\/DSCN0869-scaled.jpg\" class=\"envira-gallery-487 envira-gallery-link\" rel=\"enviragallery487\" title=\"DSCN0869\" data-envira-caption=\"DSCN0869\" data-envira-retina=\"\" data-thumbnail=\"\"  itemprop=\"contentUrl\"><img decoding=\"async\" id=\"envira-gallery-image-490\" class=\"envira-gallery-image envira-gallery-image-7 envira-normal envira-lazy\" data-envira-index=\"7\" src=\"https:\/\/gtminug.com\/wp-content\/uploads\/2025\/05\/DSCN0869-1024x768-640x480.jpg\" data-envira-src=\"https:\/\/gtminug.com\/wp-content\/uploads\/2025\/05\/DSCN0869-1024x768-640x480.jpg\" data-envira-gallery-id=\"487\" data-envira-item-id=\"490\" data-envira-caption=\"DSCN0869\" alt=\"\" title=\"DSCN0869\"  itemprop=\"thumbnailUrl\" data-envira-srcset=\"https:\/\/gtminug.com\/wp-content\/uploads\/2025\/05\/DSCN0869-1024x768-640x480.jpg 400w,https:\/\/gtminug.com\/wp-content\/uploads\/2025\/05\/DSCN0869-1024x768-640x480.jpg 2x\" data-envira-width=\"300\" data-envira-height=\"225\" srcset=\"data:image\/gif;base64,R0lGODlhAQABAIAAAP\/\/\/\/\/\/\/yH5BAEKAAEALAAAAAABAAEAAAICTAEAOw==\" data-safe-src=\"data:image\/gif;base64,R0lGODlhAQABAIAAAP\/\/\/\/\/\/\/yH5BAEKAAEALAAAAAABAAEAAAICTAEAOw==\" \/><\/a><\/div><\/div><div id=\"envira-gallery-item-491\" class=\"envira-gallery-item enviratope-item envira-gallery-item-8 envira-lazy-load\" style=\"padding-left: 1px; padding-bottom: 1px; padding-right: 1px;\"  itemscope itemtype=\"https:\/\/schema.org\/ImageObject\"><div class=\"envira-gallery-item-inner\"><div class=\"envira-gallery-position-overlay  envira-gallery-top-left\"><\/div><div class=\"envira-gallery-position-overlay  envira-gallery-top-right\"><\/div><div class=\"envira-gallery-position-overlay  envira-gallery-bottom-left\"><\/div><div class=\"envira-gallery-position-overlay  envira-gallery-bottom-right\"><\/div><a href=\"https:\/\/gtminug.com\/wp-content\/uploads\/2025\/05\/DSCN0815-scaled.jpg\" class=\"envira-gallery-487 envira-gallery-link\" rel=\"enviragallery487\" title=\"DSCN0815\" data-envira-caption=\"DSCN0815\" data-envira-retina=\"\" data-thumbnail=\"\"  itemprop=\"contentUrl\"><img decoding=\"async\" id=\"envira-gallery-image-491\" class=\"envira-gallery-image envira-gallery-image-8 envira-normal envira-lazy\" data-envira-index=\"8\" src=\"https:\/\/gtminug.com\/wp-content\/uploads\/2025\/05\/DSCN0815-1024x768-640x480.jpg\" data-envira-src=\"https:\/\/gtminug.com\/wp-content\/uploads\/2025\/05\/DSCN0815-1024x768-640x480.jpg\" data-envira-gallery-id=\"487\" data-envira-item-id=\"491\" data-envira-caption=\"DSCN0815\" alt=\"\" title=\"DSCN0815\"  itemprop=\"thumbnailUrl\" data-envira-srcset=\"https:\/\/gtminug.com\/wp-content\/uploads\/2025\/05\/DSCN0815-1024x768-640x480.jpg 400w,https:\/\/gtminug.com\/wp-content\/uploads\/2025\/05\/DSCN0815-1024x768-640x480.jpg 2x\" data-envira-width=\"300\" data-envira-height=\"225\" srcset=\"data:image\/gif;base64,R0lGODlhAQABAIAAAP\/\/\/\/\/\/\/yH5BAEKAAEALAAAAAABAAEAAAICTAEAOw==\" data-safe-src=\"data:image\/gif;base64,R0lGODlhAQABAIAAAP\/\/\/\/\/\/\/yH5BAEKAAEALAAAAAABAAEAAAICTAEAOw==\" \/><\/a><\/div><\/div><div id=\"envira-gallery-item-492\" class=\"envira-gallery-item enviratope-item envira-gallery-item-9 envira-lazy-load\" style=\"padding-left: 1px; padding-bottom: 1px; padding-right: 1px;\"  itemscope itemtype=\"https:\/\/schema.org\/ImageObject\"><div class=\"envira-gallery-item-inner\"><div class=\"envira-gallery-position-overlay  envira-gallery-top-left\"><\/div><div class=\"envira-gallery-position-overlay  envira-gallery-top-right\"><\/div><div class=\"envira-gallery-position-overlay  envira-gallery-bottom-left\"><\/div><div class=\"envira-gallery-position-overlay  envira-gallery-bottom-right\"><\/div><a href=\"https:\/\/gtminug.com\/wp-content\/uploads\/2025\/05\/DSCN0657-scaled.jpg\" class=\"envira-gallery-487 envira-gallery-link\" rel=\"enviragallery487\" title=\"DSCN0657\" data-envira-caption=\"DSCN0657\" data-envira-retina=\"\" data-thumbnail=\"\"  itemprop=\"contentUrl\"><img decoding=\"async\" id=\"envira-gallery-image-492\" class=\"envira-gallery-image envira-gallery-image-9 envira-normal envira-lazy\" data-envira-index=\"9\" src=\"https:\/\/gtminug.com\/wp-content\/uploads\/2025\/05\/DSCN0657-1024x768-640x480.jpg\" data-envira-src=\"https:\/\/gtminug.com\/wp-content\/uploads\/2025\/05\/DSCN0657-1024x768-640x480.jpg\" data-envira-gallery-id=\"487\" data-envira-item-id=\"492\" data-envira-caption=\"DSCN0657\" alt=\"\" title=\"DSCN0657\"  itemprop=\"thumbnailUrl\" data-envira-srcset=\"https:\/\/gtminug.com\/wp-content\/uploads\/2025\/05\/DSCN0657-1024x768-640x480.jpg 400w,https:\/\/gtminug.com\/wp-content\/uploads\/2025\/05\/DSCN0657-1024x768-640x480.jpg 2x\" data-envira-width=\"300\" data-envira-height=\"225\" srcset=\"data:image\/gif;base64,R0lGODlhAQABAIAAAP\/\/\/\/\/\/\/yH5BAEKAAEALAAAAAABAAEAAAICTAEAOw==\" data-safe-src=\"data:image\/gif;base64,R0lGODlhAQABAIAAAP\/\/\/\/\/\/\/yH5BAEKAAEALAAAAAABAAEAAAICTAEAOw==\" \/><\/a><\/div><\/div><div id=\"envira-gallery-item-493\" class=\"envira-gallery-item enviratope-item envira-gallery-item-10 envira-lazy-load\" style=\"padding-left: 1px; padding-bottom: 1px; padding-right: 1px;\"  itemscope itemtype=\"https:\/\/schema.org\/ImageObject\"><div class=\"envira-gallery-item-inner\"><div class=\"envira-gallery-position-overlay  envira-gallery-top-left\"><\/div><div class=\"envira-gallery-position-overlay  envira-gallery-top-right\"><\/div><div class=\"envira-gallery-position-overlay  envira-gallery-bottom-left\"><\/div><div class=\"envira-gallery-position-overlay  envira-gallery-bottom-right\"><\/div><a href=\"https:\/\/gtminug.com\/wp-content\/uploads\/2025\/05\/DSCN0606-scaled.jpg\" class=\"envira-gallery-487 envira-gallery-link\" rel=\"enviragallery487\" title=\"DSCN0606\" data-envira-caption=\"DSCN0606\" data-envira-retina=\"\" data-thumbnail=\"\"  itemprop=\"contentUrl\"><img decoding=\"async\" id=\"envira-gallery-image-493\" class=\"envira-gallery-image envira-gallery-image-10 envira-normal envira-lazy\" data-envira-index=\"10\" src=\"https:\/\/gtminug.com\/wp-content\/uploads\/2025\/05\/DSCN0606-1024x768-640x480.jpg\" data-envira-src=\"https:\/\/gtminug.com\/wp-content\/uploads\/2025\/05\/DSCN0606-1024x768-640x480.jpg\" data-envira-gallery-id=\"487\" data-envira-item-id=\"493\" data-envira-caption=\"DSCN0606\" alt=\"\" title=\"DSCN0606\"  itemprop=\"thumbnailUrl\" data-envira-srcset=\"https:\/\/gtminug.com\/wp-content\/uploads\/2025\/05\/DSCN0606-1024x768-640x480.jpg 400w,https:\/\/gtminug.com\/wp-content\/uploads\/2025\/05\/DSCN0606-1024x768-640x480.jpg 2x\" data-envira-width=\"300\" data-envira-height=\"225\" srcset=\"data:image\/gif;base64,R0lGODlhAQABAIAAAP\/\/\/\/\/\/\/yH5BAEKAAEALAAAAAABAAEAAAICTAEAOw==\" data-safe-src=\"data:image\/gif;base64,R0lGODlhAQABAIAAAP\/\/\/\/\/\/\/yH5BAEKAAEALAAAAAABAAEAAAICTAEAOw==\" \/><\/a><\/div><\/div><\/div><\/div><noscript><img decoding=\"async\" src=\"https:\/\/gtminug.com\/wp-content\/uploads\/2025\/05\/DSCN1506-scaled.jpg\" alt=\"\" \/><img decoding=\"async\" src=\"https:\/\/gtminug.com\/wp-content\/uploads\/2025\/05\/DSCN0718-scaled.jpg\" alt=\"\" \/><img decoding=\"async\" src=\"https:\/\/gtminug.com\/wp-content\/uploads\/2025\/05\/DSCN1138-1.jpg\" alt=\"\" \/><img decoding=\"async\" src=\"https:\/\/gtminug.com\/wp-content\/uploads\/2025\/05\/DSCN1070-scaled.jpg\" alt=\"\" \/><img decoding=\"async\" src=\"https:\/\/gtminug.com\/wp-content\/uploads\/2025\/05\/DSCN1010-scaled.jpg\" alt=\"\" \/><img decoding=\"async\" src=\"https:\/\/gtminug.com\/wp-content\/uploads\/2025\/05\/DSCN0986-scaled.jpg\" alt=\"\" \/><img decoding=\"async\" src=\"https:\/\/gtminug.com\/wp-content\/uploads\/2025\/05\/DSCN0869-scaled.jpg\" alt=\"\" \/><img decoding=\"async\" src=\"https:\/\/gtminug.com\/wp-content\/uploads\/2025\/05\/DSCN0815-scaled.jpg\" alt=\"\" \/><img decoding=\"async\" src=\"https:\/\/gtminug.com\/wp-content\/uploads\/2025\/05\/DSCN0657-scaled.jpg\" alt=\"\" \/><img decoding=\"async\" src=\"https:\/\/gtminug.com\/wp-content\/uploads\/2025\/05\/DSCN0606-scaled.jpg\" alt=\"\" \/><\/noscript><\/div>\n\n\n\n<div data-wp-interactive=\"core\/file\" class=\"wp-block-file\"><object data-wp-bind--hidden=\"!state.hasPdfPreview\" hidden class=\"wp-block-file__embed\" data=\"https:\/\/gtminug.com\/wp-content\/uploads\/2025\/05\/INFORME-OFICIAL-MINUG-2025-4.pdf\" type=\"application\/pdf\" style=\"width:100%;height:600px\" aria-label=\"Embed of INFORME-OFICIAL-MINUG-2025-4.\"><\/object><a id=\"wp-block-file--media-3cebe48e-9b87-4e9d-9d6f-f5e47da0b9ad\" href=\"https:\/\/gtminug.com\/wp-content\/uploads\/2025\/05\/INFORME-OFICIAL-MINUG-2025-4.pdf\">INFORME-OFICIAL-MINUG-2025-4<\/a><a href=\"https:\/\/gtminug.com\/wp-content\/uploads\/2025\/05\/INFORME-OFICIAL-MINUG-2025-4.pdf\" class=\"wp-block-file__button wp-element-button\" download aria-describedby=\"wp-block-file--media-3cebe48e-9b87-4e9d-9d6f-f5e47da0b9ad\">Download<\/a><\/div>\n\n\n\n<p>0<\/p>\n","protected":false},"excerpt":{"rendered":"<p>ODS 16: Paz, Justicia e Instituciones S\u00f3lidas y ODS 4: Educaci\u00f3n de Calidad SECRETARIADO 2024-2025 Secretar\u00eda General Secretar\u00eda de Finanzas Secretar\u00eda de Protocolo Secretario General: Esteban David Alvarado Gonz\u00e1lezSecretaria General Adjunta: Alexandra Paola Ram\u00edrez Ram\u00edrez Secretaria Titular: Ximena Limatuj GuerraSecretario Adjunto: Adri\u00e1n Alfredo de Jes\u00fas Urrutia Pivaral Secretario Titular: Adrian Soberanis ToledoSecretario Adjunto: Victor Josu\u00e9 [&hellip;]<\/p>\n","protected":false},"author":1,"featured_media":474,"parent":0,"menu_order":0,"comment_status":"closed","ping_status":"closed","template":"","meta":{"_monsterinsights_skip_tracking":false,"_monsterinsights_sitenote_active":false,"_monsterinsights_sitenote_note":"","_monsterinsights_sitenote_category":0,"footnotes":""},"class_list":["post-473","page","type-page","status-publish","has-post-thumbnail","hentry"],"_links":{"self":[{"href":"https:\/\/gtminug.com\/index.php\/wp-json\/wp\/v2\/pages\/473","targetHints":{"allow":["GET"]}}],"collection":[{"href":"https:\/\/gtminug.com\/index.php\/wp-json\/wp\/v2\/pages"}],"about":[{"href":"https:\/\/gtminug.com\/index.php\/wp-json\/wp\/v2\/types\/page"}],"author":[{"embeddable":true,"href":"https:\/\/gtminug.com\/index.php\/wp-json\/wp\/v2\/users\/1"}],"replies":[{"embeddable":true,"href":"https:\/\/gtminug.com\/index.php\/wp-json\/wp\/v2\/comments?post=473"}],"version-history":[{"count":7,"href":"https:\/\/gtminug.com\/index.php\/wp-json\/wp\/v2\/pages\/473\/revisions"}],"predecessor-version":[{"id":825,"href":"https:\/\/gtminug.com\/index.php\/wp-json\/wp\/v2\/pages\/473\/revisions\/825"}],"wp:featuredmedia":[{"embeddable":true,"href":"https:\/\/gtminug.com\/index.php\/wp-json\/wp\/v2\/media\/474"}],"wp:attachment":[{"href":"https:\/\/gtminug.com\/index.php\/wp-json\/wp\/v2\/media?parent=473"}],"curies":[{"name":"wp","href":"https:\/\/api.w.org\/{rel}","templated":true}]}}