{"id":780,"date":"2026-02-24T00:01:12","date_gmt":"2026-02-24T00:01:12","guid":{"rendered":"https:\/\/gtminug.com\/?page_id=780"},"modified":"2026-04-17T16:39:36","modified_gmt":"2026-04-17T16:39:36","slug":"edicion-2026","status":"publish","type":"page","link":"https:\/\/gtminug.com\/index.php\/edicion-2026\/","title":{"rendered":"EDICI\u00d3N 2027"},"content":{"rendered":"\n<p class=\"has-text-align-center has-foreground-color has-text-color has-link-color has-medium-font-size wp-elements-98a3d4846c2ae791eb927b69d823a1ee\">BIENVENIDOS A MINUG 2027, AQU\u00cd ENCONTRAR\u00c1N INFORMACI\u00d3N \u00daTIL PARA LOS D\u00cdAS DEL MODELO.<\/p>\n\n\n\n<div class=\"wp-block-columns is-layout-flex wp-container-core-columns-is-layout-28f84493 wp-block-columns-is-layout-flex\">\n<div class=\"wp-block-column is-layout-flow wp-block-column-is-layout-flow\"><\/div>\n<\/div>\n\n\n\n<p><\/p>\n\n\n\n<p class=\"has-text-align-center has-foreground-color has-text-color has-link-color has-epilogue-font-family has-large-font-size wp-elements-265511bab219b56bf142710e40344b00\"><strong>C\u00f3digo de vestimenta delegados\/as<\/strong><\/p>\n\n\n\n<div class=\"wp-block-columns is-layout-flex wp-container-core-columns-is-layout-28f84493 wp-block-columns-is-layout-flex\">\n<div class=\"wp-block-column is-layout-flow wp-block-column-is-layout-flow\">\n<figure class=\"wp-block-image size-large\"><img loading=\"lazy\" decoding=\"async\" width=\"683\" height=\"1024\" src=\"https:\/\/gtminug.com\/wp-content\/uploads\/2026\/02\/CVH-683x1024.png\" alt=\"\" class=\"wp-image-787\" srcset=\"https:\/\/gtminug.com\/wp-content\/uploads\/2026\/02\/CVH-683x1024.png 683w, https:\/\/gtminug.com\/wp-content\/uploads\/2026\/02\/CVH-200x300.png 200w, https:\/\/gtminug.com\/wp-content\/uploads\/2026\/02\/CVH-768x1152.png 768w, https:\/\/gtminug.com\/wp-content\/uploads\/2026\/02\/CVH.png 1024w\" sizes=\"auto, (max-width: 683px) 100vw, 683px\" \/><\/figure>\n\n\n\n<p class=\"has-foreground-color has-text-color has-link-color has-medium-font-size wp-elements-249f2fb23750b2af21d2f6128e096d86\">Traje formal completo- Colores neutros recomendados.<\/p>\n<\/div>\n\n\n\n<div class=\"wp-block-column is-layout-flow wp-block-column-is-layout-flow\">\n<figure class=\"wp-block-image size-large\"><img loading=\"lazy\" decoding=\"async\" width=\"683\" height=\"1024\" src=\"https:\/\/gtminug.com\/wp-content\/uploads\/2026\/02\/CVM-683x1024.png\" alt=\"\" class=\"wp-image-788\" srcset=\"https:\/\/gtminug.com\/wp-content\/uploads\/2026\/02\/CVM-683x1024.png 683w, https:\/\/gtminug.com\/wp-content\/uploads\/2026\/02\/CVM-200x300.png 200w, https:\/\/gtminug.com\/wp-content\/uploads\/2026\/02\/CVM-768x1152.png 768w, https:\/\/gtminug.com\/wp-content\/uploads\/2026\/02\/CVM.png 1024w\" sizes=\"auto, (max-width: 683px) 100vw, 683px\" \/><\/figure>\n\n\n\n<p class=\"has-foreground-color has-text-color has-link-color has-medium-font-size wp-elements-c8e78382077a378d58eeb63d8a8d260d\">Traje formal con falda o pantalon. <\/p>\n\n\n\n<p class=\"has-foreground-color has-text-color has-link-color has-medium-font-size wp-elements-e61c5d9d76c00bccd9fcef2e410c220e\">Faldas o vestidos de largo debajo de la rodilla. Colores neutros recomendados.<\/p>\n<\/div>\n<\/div>\n\n\n\n<p class=\"has-foreground-color has-text-color has-link-color has-medium-font-size wp-elements-33675dc7c05708aa6d9765a5a5126121\"><\/p>\n\n\n\n<p><\/p>\n","protected":false},"excerpt":{"rendered":"<p>BIENVENIDOS A MINUG 2027, AQU\u00cd ENCONTRAR\u00c1N INFORMACI\u00d3N \u00daTIL PARA LOS D\u00cdAS DEL MODELO. C\u00f3digo de vestimenta delegados\/as Traje formal completo- Colores neutros recomendados. Traje formal con falda o pantalon. Faldas o vestidos de largo debajo de la rodilla. Colores neutros recomendados.<\/p>\n","protected":false},"author":1,"featured_media":0,"parent":0,"menu_order":0,"comment_status":"closed","ping_status":"closed","template":"","meta":{"_monsterinsights_skip_tracking":false,"_monsterinsights_sitenote_active":false,"_monsterinsights_sitenote_note":"","_monsterinsights_sitenote_category":0,"footnotes":""},"class_list":["post-780","page","type-page","status-publish","hentry"],"_links":{"self":[{"href":"https:\/\/gtminug.com\/index.php\/wp-json\/wp\/v2\/pages\/780","targetHints":{"allow":["GET"]}}],"collection":[{"href":"https:\/\/gtminug.com\/index.php\/wp-json\/wp\/v2\/pages"}],"about":[{"href":"https:\/\/gtminug.com\/index.php\/wp-json\/wp\/v2\/types\/page"}],"author":[{"embeddable":true,"href":"https:\/\/gtminug.com\/index.php\/wp-json\/wp\/v2\/users\/1"}],"replies":[{"embeddable":true,"href":"https:\/\/gtminug.com\/index.php\/wp-json\/wp\/v2\/comments?post=780"}],"version-history":[{"count":8,"href":"https:\/\/gtminug.com\/index.php\/wp-json\/wp\/v2\/pages\/780\/revisions"}],"predecessor-version":[{"id":813,"href":"https:\/\/gtminug.com\/index.php\/wp-json\/wp\/v2\/pages\/780\/revisions\/813"}],"wp:attachment":[{"href":"https:\/\/gtminug.com\/index.php\/wp-json\/wp\/v2\/media?parent=780"}],"curies":[{"name":"wp","href":"https:\/\/api.w.org\/{rel}","templated":true}]}}