{"id":822,"date":"2026-04-17T17:30:52","date_gmt":"2026-04-17T17:30:52","guid":{"rendered":"https:\/\/gtminug.com\/?page_id=822"},"modified":"2026-04-17T17:32:29","modified_gmt":"2026-04-17T17:32:29","slug":"edicion-2026-2","status":"publish","type":"page","link":"https:\/\/gtminug.com\/index.php\/edicion-2026-2\/","title":{"rendered":"EDICI\u00d3N 2026"},"content":{"rendered":"\n<div class=\"wp-block-cover is-light\"><img loading=\"lazy\" decoding=\"async\" width=\"1024\" height=\"682\" class=\"wp-block-cover__image-background wp-image-824 size-large\" alt=\"\" src=\"https:\/\/gtminug.com\/wp-content\/uploads\/2026\/04\/WhatsApp-Image-2026-04-17-at-11.03.27-AM-1-1024x682.jpeg\" data-object-fit=\"cover\" srcset=\"https:\/\/gtminug.com\/wp-content\/uploads\/2026\/04\/WhatsApp-Image-2026-04-17-at-11.03.27-AM-1-1024x682.jpeg 1024w, https:\/\/gtminug.com\/wp-content\/uploads\/2026\/04\/WhatsApp-Image-2026-04-17-at-11.03.27-AM-1-300x200.jpeg 300w, https:\/\/gtminug.com\/wp-content\/uploads\/2026\/04\/WhatsApp-Image-2026-04-17-at-11.03.27-AM-1-768x512.jpeg 768w, https:\/\/gtminug.com\/wp-content\/uploads\/2026\/04\/WhatsApp-Image-2026-04-17-at-11.03.27-AM-1-1536x1023.jpeg 1536w, https:\/\/gtminug.com\/wp-content\/uploads\/2026\/04\/WhatsApp-Image-2026-04-17-at-11.03.27-AM-1.jpeg 1600w\" sizes=\"auto, (max-width: 1024px) 100vw, 1024px\" \/><span aria-hidden=\"true\" class=\"wp-block-cover__background has-background-dim\" style=\"background-color:#848388\"><\/span><div class=\"wp-block-cover__inner-container has-global-padding is-layout-constrained wp-block-cover-is-layout-constrained\">\n<p class=\"has-text-align-center has-background-color has-text-color has-link-color has-x-large-font-size wp-elements-e436eb2814ce3efb8608450d66e18584\"><strong>\u201cPacto para el Futuro, Ahora o Nunca: Juventud y Futuras Generaciones.\u201d <\/strong><\/p>\n<\/div><\/div>\n\n\n\n<p class=\"has-text-align-center has-foreground-color has-text-color has-link-color wp-elements-9ec450ab55c58d2c515a68251bc67945\">ODS 4 \u201cEducaci\u00f3n de Calidad\u201d, 10 \u201cReducci\u00f3n de las desigualdades\u201d\u00a0 y 17 \u201cAlianzas para lograr objetivos<\/p>\n\n\n\n<figure class=\"wp-block-table is-style-stripes\" style=\"font-style:normal;font-weight:500\"><table class=\"has-foreground-color has-text-color has-background has-link-color has-fixed-layout\" style=\"background-color:#bacbe7;border-style:none;border-width:0px\"><thead><tr><th class=\"has-text-align-left\" data-align=\"left\"><\/th><th>SECRETARIADO 2025-2026<\/th><th><\/th><\/tr><\/thead><tbody><tr><td class=\"has-text-align-left\" data-align=\"left\">Secretar\u00eda General<\/td><td><\/td><td>Secretar\u00eda de Protocolo<\/td><\/tr><tr><td class=\"has-text-align-left\" data-align=\"left\">Secretario General: Xavier Fernando Gonz\u00e1lez Vassaux<br>Secretaria General Adjunta: Lara Gabriela L\u00f3pez \u00c1vila<br>Secretario General Adjunto: Caleb Cameros Marroqu\u00edn<\/td><td><\/td><td>Secretaria Titular: Rocio Alejandra Figueroa Trijilio<br>Secretario Adjunto: Adri\u00e1n Alfredo de Jes\u00fas Urrutia Pivaral\u00a0<br>Secretaria Adjunta: Cristy Celestina Saq Ch&#8217;umiil Canahu\u00ed Bach\u00e1n<br>Secretario Adjunto: Marlon Josu\u00e9 Ort\u00edz Arreaga<br>Secretario Adjunto: Wesley Francisco Coc\u00f3n Muj<br>Secretaria Adjunta: Daiana Fabiola Mej\u00eda Rivera<\/td><\/tr><tr><td class=\"has-text-align-left\" data-align=\"left\">Secretar\u00eda de Comunicaciones<\/td><td>Secretar\u00eda Acad\u00e9mica<\/td><td>Secretar\u00eda de Relaciones P\u00fablicas<\/td><\/tr><tr><td class=\"has-text-align-left\" data-align=\"left\">Secretaria Titular: M\u00f3nica Gabriela S\u00e1nchez Llamas<br>Secretaria Adjunta: Andrea Sofia G\u00f3mez Santos\u00a0<br>Secretaria Adjunta: Luna Mar\u00eda Porras Amador<br>Secretaria Adjunta: D\u00e9bora Ximena Archila Castro<br>Secretaria Adjunta: L\u00edsbeth Andrea Men\u00e9ndez D\u00edaz<\/td><td>Secretaria Titular: Lourdes Melissa Barillas Delgado<br>Secretaria Adjunta: Jennifer Veruschka Rosales Schettini<br>Secretario Adjunto: Sebastian Rafael Cordon Cifuentes<br>Secretaria Adjunta: Mar\u00eda Andrea Trujillo P\u00e9rez\u00a0<br>Secretario Adjunto: Rodrigo Andr\u00e9s Quezada Vel\u00e1squez<br>Secretario Adjunto: Ricardo Javier Mart\u00ednez P\u00e9rez\u00a0<br>Secretaria Adjunta: Arianna Lissette Ciprian Rincon<br>Secretaria Adjunta: Andrea Elizabeth Barrientos Carrera<\/td><td>Secretario Titular: Jose Fernando Yantuche Mench\u00fa<br>Secretaria Adjunta: Isela Jamileth Fuentes Burgos\u00a0<br>Secretaria Adjunta: Kirsten Angelike Monterroso Hutton\u00a0<br>Secretario Adjunto: Rodrigo Jos\u00e9 Figueroa Tun\u00a0<br>Secretaria Adjunta: Ana Lucia D\u00edaz Toc<\/td><\/tr><\/tbody><\/table><\/figure>\n\n\n\n<p> <\/p>\n\n\n\n<figure class=\"wp-block-gallery has-nested-images columns-5 is-cropped wp-block-gallery-1 is-layout-flex wp-block-gallery-is-layout-flex\">\n<figure class=\"wp-block-image size-large\"><img loading=\"lazy\" decoding=\"async\" width=\"1024\" height=\"683\" data-id=\"842\" src=\"https:\/\/gtminug.com\/wp-content\/uploads\/2026\/04\/IMG_9299-1024x683.jpg\" alt=\"\" class=\"wp-image-842\" srcset=\"https:\/\/gtminug.com\/wp-content\/uploads\/2026\/04\/IMG_9299-1024x683.jpg 1024w, https:\/\/gtminug.com\/wp-content\/uploads\/2026\/04\/IMG_9299-300x200.jpg 300w, https:\/\/gtminug.com\/wp-content\/uploads\/2026\/04\/IMG_9299-768x512.jpg 768w, https:\/\/gtminug.com\/wp-content\/uploads\/2026\/04\/IMG_9299-1536x1024.jpg 1536w, https:\/\/gtminug.com\/wp-content\/uploads\/2026\/04\/IMG_9299-2048x1365.jpg 2048w\" sizes=\"auto, (max-width: 1024px) 100vw, 1024px\" \/><\/figure>\n\n\n\n<figure class=\"wp-block-image size-large\"><img loading=\"lazy\" decoding=\"async\" width=\"1024\" height=\"683\" data-id=\"836\" src=\"https:\/\/gtminug.com\/wp-content\/uploads\/2026\/04\/IMG_8865-1-1024x683.jpg\" alt=\"\" class=\"wp-image-836\" srcset=\"https:\/\/gtminug.com\/wp-content\/uploads\/2026\/04\/IMG_8865-1-1024x683.jpg 1024w, https:\/\/gtminug.com\/wp-content\/uploads\/2026\/04\/IMG_8865-1-300x200.jpg 300w, https:\/\/gtminug.com\/wp-content\/uploads\/2026\/04\/IMG_8865-1-768x512.jpg 768w, https:\/\/gtminug.com\/wp-content\/uploads\/2026\/04\/IMG_8865-1-1536x1024.jpg 1536w, https:\/\/gtminug.com\/wp-content\/uploads\/2026\/04\/IMG_8865-1-2048x1365.jpg 2048w\" sizes=\"auto, (max-width: 1024px) 100vw, 1024px\" \/><\/figure>\n\n\n\n<figure class=\"wp-block-image size-large\"><img loading=\"lazy\" decoding=\"async\" width=\"1024\" height=\"683\" data-id=\"840\" src=\"https:\/\/gtminug.com\/wp-content\/uploads\/2026\/04\/IMG_8765-1024x683.jpg\" alt=\"\" class=\"wp-image-840\" srcset=\"https:\/\/gtminug.com\/wp-content\/uploads\/2026\/04\/IMG_8765-1024x683.jpg 1024w, https:\/\/gtminug.com\/wp-content\/uploads\/2026\/04\/IMG_8765-300x200.jpg 300w, https:\/\/gtminug.com\/wp-content\/uploads\/2026\/04\/IMG_8765-768x512.jpg 768w, https:\/\/gtminug.com\/wp-content\/uploads\/2026\/04\/IMG_8765-1536x1024.jpg 1536w, https:\/\/gtminug.com\/wp-content\/uploads\/2026\/04\/IMG_8765-2048x1365.jpg 2048w\" sizes=\"auto, (max-width: 1024px) 100vw, 1024px\" \/><\/figure>\n\n\n\n<figure class=\"wp-block-image size-large\"><img loading=\"lazy\" decoding=\"async\" width=\"1024\" height=\"683\" data-id=\"841\" src=\"https:\/\/gtminug.com\/wp-content\/uploads\/2026\/04\/IMG_8731-1024x683.jpg\" alt=\"\" class=\"wp-image-841\" srcset=\"https:\/\/gtminug.com\/wp-content\/uploads\/2026\/04\/IMG_8731-1024x683.jpg 1024w, https:\/\/gtminug.com\/wp-content\/uploads\/2026\/04\/IMG_8731-300x200.jpg 300w, https:\/\/gtminug.com\/wp-content\/uploads\/2026\/04\/IMG_8731-768x512.jpg 768w, https:\/\/gtminug.com\/wp-content\/uploads\/2026\/04\/IMG_8731-1536x1024.jpg 1536w, https:\/\/gtminug.com\/wp-content\/uploads\/2026\/04\/IMG_8731-2048x1365.jpg 2048w\" sizes=\"auto, (max-width: 1024px) 100vw, 1024px\" \/><\/figure>\n\n\n\n<figure class=\"wp-block-image size-large\"><img loading=\"lazy\" decoding=\"async\" width=\"1024\" height=\"683\" data-id=\"837\" src=\"https:\/\/gtminug.com\/wp-content\/uploads\/2026\/04\/IMG_8636-1024x683.jpg\" alt=\"\" class=\"wp-image-837\" srcset=\"https:\/\/gtminug.com\/wp-content\/uploads\/2026\/04\/IMG_8636-1024x683.jpg 1024w, https:\/\/gtminug.com\/wp-content\/uploads\/2026\/04\/IMG_8636-300x200.jpg 300w, https:\/\/gtminug.com\/wp-content\/uploads\/2026\/04\/IMG_8636-768x512.jpg 768w, https:\/\/gtminug.com\/wp-content\/uploads\/2026\/04\/IMG_8636-1536x1024.jpg 1536w, https:\/\/gtminug.com\/wp-content\/uploads\/2026\/04\/IMG_8636-2048x1365.jpg 2048w\" sizes=\"auto, (max-width: 1024px) 100vw, 1024px\" \/><\/figure>\n\n\n\n<figure class=\"wp-block-image size-large\"><img loading=\"lazy\" decoding=\"async\" width=\"1024\" height=\"683\" data-id=\"839\" src=\"https:\/\/gtminug.com\/wp-content\/uploads\/2026\/04\/IMG_8329-1024x683.jpg\" alt=\"\" class=\"wp-image-839\" srcset=\"https:\/\/gtminug.com\/wp-content\/uploads\/2026\/04\/IMG_8329-1024x683.jpg 1024w, https:\/\/gtminug.com\/wp-content\/uploads\/2026\/04\/IMG_8329-300x200.jpg 300w, https:\/\/gtminug.com\/wp-content\/uploads\/2026\/04\/IMG_8329-768x512.jpg 768w, https:\/\/gtminug.com\/wp-content\/uploads\/2026\/04\/IMG_8329-1536x1024.jpg 1536w, https:\/\/gtminug.com\/wp-content\/uploads\/2026\/04\/IMG_8329-2048x1365.jpg 2048w\" sizes=\"auto, (max-width: 1024px) 100vw, 1024px\" \/><\/figure>\n\n\n\n<figure class=\"wp-block-image size-large\"><img loading=\"lazy\" decoding=\"async\" width=\"1024\" height=\"683\" data-id=\"845\" src=\"https:\/\/gtminug.com\/wp-content\/uploads\/2026\/04\/IMG_7990-1-1024x683.jpg\" alt=\"\" class=\"wp-image-845\" srcset=\"https:\/\/gtminug.com\/wp-content\/uploads\/2026\/04\/IMG_7990-1-1024x683.jpg 1024w, https:\/\/gtminug.com\/wp-content\/uploads\/2026\/04\/IMG_7990-1-300x200.jpg 300w, https:\/\/gtminug.com\/wp-content\/uploads\/2026\/04\/IMG_7990-1-768x512.jpg 768w, https:\/\/gtminug.com\/wp-content\/uploads\/2026\/04\/IMG_7990-1-1536x1024.jpg 1536w, https:\/\/gtminug.com\/wp-content\/uploads\/2026\/04\/IMG_7990-1-2048x1365.jpg 2048w\" sizes=\"auto, (max-width: 1024px) 100vw, 1024px\" \/><\/figure>\n\n\n\n<figure class=\"wp-block-image size-large\"><img loading=\"lazy\" decoding=\"async\" width=\"1024\" height=\"683\" data-id=\"846\" src=\"https:\/\/gtminug.com\/wp-content\/uploads\/2026\/04\/IMG_7933-1-1024x683.jpg\" alt=\"\" class=\"wp-image-846\" srcset=\"https:\/\/gtminug.com\/wp-content\/uploads\/2026\/04\/IMG_7933-1-1024x683.jpg 1024w, https:\/\/gtminug.com\/wp-content\/uploads\/2026\/04\/IMG_7933-1-300x200.jpg 300w, https:\/\/gtminug.com\/wp-content\/uploads\/2026\/04\/IMG_7933-1-768x512.jpg 768w, https:\/\/gtminug.com\/wp-content\/uploads\/2026\/04\/IMG_7933-1-1536x1024.jpg 1536w, https:\/\/gtminug.com\/wp-content\/uploads\/2026\/04\/IMG_7933-1-2048x1365.jpg 2048w\" sizes=\"auto, (max-width: 1024px) 100vw, 1024px\" \/><\/figure>\n\n\n\n<figure class=\"wp-block-image size-large\"><img loading=\"lazy\" decoding=\"async\" width=\"1024\" height=\"768\" data-id=\"848\" src=\"https:\/\/gtminug.com\/wp-content\/uploads\/2026\/04\/WhatsApp-Image-2026-04-17-at-10.35.14-AM-3-1024x768.jpeg\" alt=\"\" class=\"wp-image-848\" srcset=\"https:\/\/gtminug.com\/wp-content\/uploads\/2026\/04\/WhatsApp-Image-2026-04-17-at-10.35.14-AM-3-1024x768.jpeg 1024w, https:\/\/gtminug.com\/wp-content\/uploads\/2026\/04\/WhatsApp-Image-2026-04-17-at-10.35.14-AM-3-300x225.jpeg 300w, https:\/\/gtminug.com\/wp-content\/uploads\/2026\/04\/WhatsApp-Image-2026-04-17-at-10.35.14-AM-3-768x576.jpeg 768w, https:\/\/gtminug.com\/wp-content\/uploads\/2026\/04\/WhatsApp-Image-2026-04-17-at-10.35.14-AM-3.jpeg 1040w\" sizes=\"auto, (max-width: 1024px) 100vw, 1024px\" \/><\/figure>\n\n\n\n<figure class=\"wp-block-image size-large\"><img loading=\"lazy\" decoding=\"async\" width=\"1024\" height=\"683\" data-id=\"847\" src=\"https:\/\/gtminug.com\/wp-content\/uploads\/2026\/04\/IMG_7866-1-1024x683.jpg\" alt=\"\" class=\"wp-image-847\" srcset=\"https:\/\/gtminug.com\/wp-content\/uploads\/2026\/04\/IMG_7866-1-1024x683.jpg 1024w, https:\/\/gtminug.com\/wp-content\/uploads\/2026\/04\/IMG_7866-1-300x200.jpg 300w, https:\/\/gtminug.com\/wp-content\/uploads\/2026\/04\/IMG_7866-1-768x512.jpg 768w, https:\/\/gtminug.com\/wp-content\/uploads\/2026\/04\/IMG_7866-1-1536x1024.jpg 1536w, https:\/\/gtminug.com\/wp-content\/uploads\/2026\/04\/IMG_7866-1-2048x1365.jpg 2048w\" sizes=\"auto, (max-width: 1024px) 100vw, 1024px\" \/><\/figure>\n\n\n\n<figure class=\"wp-block-image size-large\"><img loading=\"lazy\" decoding=\"async\" width=\"1024\" height=\"683\" data-id=\"838\" src=\"https:\/\/gtminug.com\/wp-content\/uploads\/2026\/04\/IMG_8297-1024x683.jpg\" alt=\"\" class=\"wp-image-838\" srcset=\"https:\/\/gtminug.com\/wp-content\/uploads\/2026\/04\/IMG_8297-1024x683.jpg 1024w, https:\/\/gtminug.com\/wp-content\/uploads\/2026\/04\/IMG_8297-300x200.jpg 300w, https:\/\/gtminug.com\/wp-content\/uploads\/2026\/04\/IMG_8297-768x512.jpg 768w, https:\/\/gtminug.com\/wp-content\/uploads\/2026\/04\/IMG_8297-1536x1024.jpg 1536w, https:\/\/gtminug.com\/wp-content\/uploads\/2026\/04\/IMG_8297-2048x1365.jpg 2048w\" sizes=\"auto, (max-width: 1024px) 100vw, 1024px\" \/><\/figure>\n\n\n\n<figure class=\"wp-block-image size-large\"><img loading=\"lazy\" decoding=\"async\" width=\"1024\" height=\"682\" data-id=\"844\" src=\"https:\/\/gtminug.com\/wp-content\/uploads\/2026\/04\/WhatsApp-Image-2026-04-17-at-11.03.27-AM-3-1024x682.jpeg\" alt=\"\" class=\"wp-image-844\" srcset=\"https:\/\/gtminug.com\/wp-content\/uploads\/2026\/04\/WhatsApp-Image-2026-04-17-at-11.03.27-AM-3-1024x682.jpeg 1024w, https:\/\/gtminug.com\/wp-content\/uploads\/2026\/04\/WhatsApp-Image-2026-04-17-at-11.03.27-AM-3-300x200.jpeg 300w, https:\/\/gtminug.com\/wp-content\/uploads\/2026\/04\/WhatsApp-Image-2026-04-17-at-11.03.27-AM-3-768x512.jpeg 768w, https:\/\/gtminug.com\/wp-content\/uploads\/2026\/04\/WhatsApp-Image-2026-04-17-at-11.03.27-AM-3-1536x1023.jpeg 1536w, https:\/\/gtminug.com\/wp-content\/uploads\/2026\/04\/WhatsApp-Image-2026-04-17-at-11.03.27-AM-3.jpeg 1600w\" sizes=\"auto, (max-width: 1024px) 100vw, 1024px\" \/><\/figure>\n<\/figure>\n","protected":false},"excerpt":{"rendered":"<p>ODS 4 \u201cEducaci\u00f3n de Calidad\u201d, 10 \u201cReducci\u00f3n de las desigualdades\u201d\u00a0 y 17 \u201cAlianzas para lograr objetivos SECRETARIADO 2025-2026 Secretar\u00eda General Secretar\u00eda de Protocolo Secretario General: Xavier Fernando Gonz\u00e1lez VassauxSecretaria General Adjunta: Lara Gabriela L\u00f3pez \u00c1vilaSecretario General Adjunto: Caleb Cameros Marroqu\u00edn Secretaria Titular: Rocio Alejandra Figueroa TrijilioSecretario Adjunto: Adri\u00e1n Alfredo de Jes\u00fas Urrutia Pivaral\u00a0Secretaria Adjunta: Cristy [&hellip;]<\/p>\n","protected":false},"author":1,"featured_media":0,"parent":0,"menu_order":0,"comment_status":"closed","ping_status":"closed","template":"","meta":{"_monsterinsights_skip_tracking":false,"_monsterinsights_sitenote_active":false,"_monsterinsights_sitenote_note":"","_monsterinsights_sitenote_category":0,"footnotes":""},"class_list":["post-822","page","type-page","status-publish","hentry"],"_links":{"self":[{"href":"https:\/\/gtminug.com\/index.php\/wp-json\/wp\/v2\/pages\/822","targetHints":{"allow":["GET"]}}],"collection":[{"href":"https:\/\/gtminug.com\/index.php\/wp-json\/wp\/v2\/pages"}],"about":[{"href":"https:\/\/gtminug.com\/index.php\/wp-json\/wp\/v2\/types\/page"}],"author":[{"embeddable":true,"href":"https:\/\/gtminug.com\/index.php\/wp-json\/wp\/v2\/users\/1"}],"replies":[{"embeddable":true,"href":"https:\/\/gtminug.com\/index.php\/wp-json\/wp\/v2\/comments?post=822"}],"version-history":[{"count":2,"href":"https:\/\/gtminug.com\/index.php\/wp-json\/wp\/v2\/pages\/822\/revisions"}],"predecessor-version":[{"id":851,"href":"https:\/\/gtminug.com\/index.php\/wp-json\/wp\/v2\/pages\/822\/revisions\/851"}],"wp:attachment":[{"href":"https:\/\/gtminug.com\/index.php\/wp-json\/wp\/v2\/media?parent=822"}],"curies":[{"name":"wp","href":"https:\/\/api.w.org\/{rel}","templated":true}]}}