{"id":98,"date":"2023-08-24T21:35:13","date_gmt":"2023-08-24T21:35:13","guid":{"rendered":"https:\/\/gtminug.com\/?page_id=98"},"modified":"2025-08-26T03:04:50","modified_gmt":"2025-08-26T03:04:50","slug":"edicion-2020","status":"publish","type":"page","link":"https:\/\/gtminug.com\/index.php\/edicion-2020\/","title":{"rendered":"EDICI\u00d3N 2020"},"content":{"rendered":"\n<div class=\"wp-block-cover is-light\"><img loading=\"lazy\" decoding=\"async\" width=\"1024\" height=\"683\" class=\"wp-block-cover__image-background wp-image-601 size-large\" alt=\"\" src=\"https:\/\/gtminug.com\/wp-content\/uploads\/2025\/08\/MINUG-2020-1024x683.jpg\" data-object-fit=\"cover\" srcset=\"https:\/\/gtminug.com\/wp-content\/uploads\/2025\/08\/MINUG-2020-1024x683.jpg 1024w, https:\/\/gtminug.com\/wp-content\/uploads\/2025\/08\/MINUG-2020-300x200.jpg 300w, https:\/\/gtminug.com\/wp-content\/uploads\/2025\/08\/MINUG-2020-768x512.jpg 768w, https:\/\/gtminug.com\/wp-content\/uploads\/2025\/08\/MINUG-2020.jpg 1536w\" sizes=\"auto, (max-width: 1024px) 100vw, 1024px\" \/><span aria-hidden=\"true\" class=\"wp-block-cover__background has-background-dim\" style=\"background-color:#8f99a2\"><\/span><div class=\"wp-block-cover__inner-container has-global-padding is-layout-constrained wp-block-cover-is-layout-constrained\">\n<p class=\"has-text-align-center has-white-color has-text-color has-link-color has-epilogue-font-family has-x-large-font-size wp-elements-0eb4d27b8611585e8d255ceae5a18c1a\"><strong>&#8220;Seamos el cambio que queremos ver en el mundo&#8221;<\/strong><\/p>\n<\/div><\/div>\n\n\n\n<p class=\"has-text-align-center has-foreground-color has-text-color has-link-color wp-elements-f64d54a1c8ad4f79a3384dd25077bde7\" style=\"font-size:clamp(14.642px, 0.915rem + ((1vw - 3.2px) * 0.766), 22px);font-style:normal;font-weight:700\"><strong>ODS: 10 Reducir las desigualdades y garantizar que nadie se queda atr\u00e1s forma parte integral de la consecuci\u00f3n de los Objetivos de Desarrollo Sostenible<\/strong><\/p>\n\n\n\n<figure class=\"wp-block-table is-style-stripes\" style=\"font-style:normal;font-weight:500\"><table class=\"has-foreground-color has-text-color has-background has-link-color has-fixed-layout\" style=\"background-color:#bacbe7;border-style:none;border-width:0px\"><thead><tr><th class=\"has-text-align-left\" data-align=\"left\"><\/th><th>SECRETARIADO 2019-2020<\/th><th><\/th><\/tr><\/thead><tbody><tr><td class=\"has-text-align-left\" data-align=\"left\">Secretar\u00eda General<\/td><td><strong>Secretar\u00eda de Finanzas<\/strong><\/td><td>Secretar\u00eda de Protocolo<\/td><\/tr><tr><td class=\"has-text-align-left\" data-align=\"left\">-Mauricio Abraham Rosales Schettini &#8211; <strong>Secretario General<\/strong><br>-H\u00e9ctor Ra\u00fal del Valle Mu\u00f1oz &#8211; Secretario General Adjunto<\/td><td>Ana Rosario Chac\u00f3n Orellana &#8211; <strong>Secretaria <\/strong>Titular<br>Mario Jos\u00e9 Fern\u00e1ndez Garc\u00eda &#8211; <strong>Secretario Adjunto<\/strong><\/td><td>Dorcas Eunice Gordon &#8211; <strong>Secretaria Titular<\/strong><br>Gustavo Jerez &#8211; <strong>Secretario Adjunto <\/strong><br>Miguel \u00c1ngel Straube Garc\u00eda &#8211; <strong>Secretario Adjunto <\/strong><\/td><\/tr><tr><td class=\"has-text-align-left\" data-align=\"left\">Secretar\u00eda de Comunicaciones<\/td><td>Secretar\u00eda Acad\u00e9mica<\/td><td>Secretar\u00eda de Relaciones P\u00fablicas<\/td><\/tr><tr><td class=\"has-text-align-left\" data-align=\"left\">Dulce Mar\u00eda Maldonado Solares &#8211; <strong>Secretaria Titular<\/strong><br>Camila Celeste Rivera Cordero &#8211; <strong>Secretaria Adjunta <\/strong><br>Sarah Stephanie \u00c1lvarez Monterroso &#8211;<strong> Secretaria Adjunta <\/strong><\/td><td>Luis Eduardo M\u00e9rida Paredes &#8211; <strong>Secretario <\/strong>Titular<br>Sharon Estefan\u00eda M\u00e9ndez Pineda &#8211; <strong>Secretaria  Adjunta<br><\/strong>Christopher Alexander Cifuentes Archila &#8211; <strong>Secretario  Adjunto<\/strong><br>Jes\u00fas Salvador Buchhalter Escobedo &#8211; <strong>Secretario  Adjunto<\/strong><\/td><td>Javier Estuardo Ruiz Orozco &#8211; <strong>Secretario Titular<\/strong><\/td><\/tr><\/tbody><\/table><\/figure>\n\n\n\n<p class=\"has-medium-font-size\"><\/p>\n\n\n\n<div class=\"wp-block-columns is-layout-flex wp-container-core-columns-is-layout-28f84493 wp-block-columns-is-layout-flex\">\n<div class=\"wp-block-column is-layout-flow wp-block-column-is-layout-flow\">\n<figure class=\"wp-block-image size-full\"><img loading=\"lazy\" decoding=\"async\" width=\"960\" height=\"640\" src=\"https:\/\/gtminug.com\/wp-content\/uploads\/2023\/07\/86461022_205781310796492_197014479194554368_n.jpg\" alt=\"\" class=\"wp-image-59\" srcset=\"https:\/\/gtminug.com\/wp-content\/uploads\/2023\/07\/86461022_205781310796492_197014479194554368_n.jpg 960w, https:\/\/gtminug.com\/wp-content\/uploads\/2023\/07\/86461022_205781310796492_197014479194554368_n-300x200.jpg 300w, https:\/\/gtminug.com\/wp-content\/uploads\/2023\/07\/86461022_205781310796492_197014479194554368_n-768x512.jpg 768w\" sizes=\"auto, (max-width: 960px) 100vw, 960px\" \/><\/figure>\n<\/div>\n\n\n\n<div class=\"wp-block-column is-layout-flow wp-block-column-is-layout-flow\">\n<figure class=\"wp-block-image size-large\"><img loading=\"lazy\" decoding=\"async\" width=\"1024\" height=\"683\" src=\"https:\/\/gtminug.com\/wp-content\/uploads\/2023\/07\/88175492_216313323076624_5304008753400512512_n-1024x683.jpg\" alt=\"\" class=\"wp-image-45\" srcset=\"https:\/\/gtminug.com\/wp-content\/uploads\/2023\/07\/88175492_216313323076624_5304008753400512512_n-1024x683.jpg 1024w, https:\/\/gtminug.com\/wp-content\/uploads\/2023\/07\/88175492_216313323076624_5304008753400512512_n-300x200.jpg 300w, https:\/\/gtminug.com\/wp-content\/uploads\/2023\/07\/88175492_216313323076624_5304008753400512512_n-768x512.jpg 768w, https:\/\/gtminug.com\/wp-content\/uploads\/2023\/07\/88175492_216313323076624_5304008753400512512_n-1536x1024.jpg 1536w, https:\/\/gtminug.com\/wp-content\/uploads\/2023\/07\/88175492_216313323076624_5304008753400512512_n.jpg 2048w\" sizes=\"auto, (max-width: 1024px) 100vw, 1024px\" \/><\/figure>\n<\/div>\n\n\n\n<div class=\"wp-block-column is-layout-flow wp-block-column-is-layout-flow\">\n<figure class=\"wp-block-image size-full\"><img loading=\"lazy\" decoding=\"async\" width=\"960\" height=\"640\" src=\"https:\/\/gtminug.com\/wp-content\/uploads\/2023\/07\/86723985_205782980796325_6404945004648726528_n.jpg\" alt=\"\" class=\"wp-image-34\" srcset=\"https:\/\/gtminug.com\/wp-content\/uploads\/2023\/07\/86723985_205782980796325_6404945004648726528_n.jpg 960w, https:\/\/gtminug.com\/wp-content\/uploads\/2023\/07\/86723985_205782980796325_6404945004648726528_n-300x200.jpg 300w, https:\/\/gtminug.com\/wp-content\/uploads\/2023\/07\/86723985_205782980796325_6404945004648726528_n-768x512.jpg 768w\" sizes=\"auto, (max-width: 960px) 100vw, 960px\" \/><\/figure>\n<\/div>\n<\/div>\n\n\n\n<p class=\"has-medium-font-size\"><\/p>\n\n\n\n<div class=\"wp-block-columns is-layout-flex wp-container-core-columns-is-layout-28f84493 wp-block-columns-is-layout-flex\">\n<div class=\"wp-block-column is-layout-flow wp-block-column-is-layout-flow\">\n<div data-wp-interactive=\"core\/file\" class=\"wp-block-file\"><object data-wp-bind--hidden=\"!state.hasPdfPreview\" hidden class=\"wp-block-file__embed\" data=\"https:\/\/gtminug.com\/wp-content\/uploads\/2023\/08\/Informe-MINUG-2020-PDF.pdf\" type=\"application\/pdf\" style=\"width:100%;height:538px\" aria-label=\"Embed of Informe-MINUG-2020-PDF.\"><\/object><a id=\"wp-block-file--media-2135508c-127f-433e-8a31-be18240da1a9\" href=\"https:\/\/gtminug.com\/wp-content\/uploads\/2023\/08\/Informe-MINUG-2020-PDF.pdf\">Informe-MINUG-2020-PDF<\/a><a href=\"https:\/\/gtminug.com\/wp-content\/uploads\/2023\/08\/Informe-MINUG-2020-PDF.pdf\" class=\"wp-block-file__button wp-element-button\" download aria-describedby=\"wp-block-file--media-2135508c-127f-433e-8a31-be18240da1a9\">Descarga<\/a><\/div>\n<\/div>\n<\/div>\n","protected":false},"excerpt":{"rendered":"<p>ODS: 10 Reducir las desigualdades y garantizar que nadie se queda atr\u00e1s forma parte integral de la consecuci\u00f3n de los Objetivos de Desarrollo Sostenible SECRETARIADO 2019-2020 Secretar\u00eda General Secretar\u00eda de Finanzas Secretar\u00eda de Protocolo -Mauricio Abraham Rosales Schettini &#8211; Secretario General-H\u00e9ctor Ra\u00fal del Valle Mu\u00f1oz &#8211; Secretario General Adjunto Ana Rosario Chac\u00f3n Orellana &#8211; Secretaria [&hellip;]<\/p>\n","protected":false},"author":1,"featured_media":0,"parent":0,"menu_order":0,"comment_status":"closed","ping_status":"closed","template":"","meta":{"_monsterinsights_skip_tracking":false,"_monsterinsights_sitenote_active":false,"_monsterinsights_sitenote_note":"","_monsterinsights_sitenote_category":0,"footnotes":""},"class_list":["post-98","page","type-page","status-publish","hentry"],"_links":{"self":[{"href":"https:\/\/gtminug.com\/index.php\/wp-json\/wp\/v2\/pages\/98","targetHints":{"allow":["GET"]}}],"collection":[{"href":"https:\/\/gtminug.com\/index.php\/wp-json\/wp\/v2\/pages"}],"about":[{"href":"https:\/\/gtminug.com\/index.php\/wp-json\/wp\/v2\/types\/page"}],"author":[{"embeddable":true,"href":"https:\/\/gtminug.com\/index.php\/wp-json\/wp\/v2\/users\/1"}],"replies":[{"embeddable":true,"href":"https:\/\/gtminug.com\/index.php\/wp-json\/wp\/v2\/comments?post=98"}],"version-history":[{"count":19,"href":"https:\/\/gtminug.com\/index.php\/wp-json\/wp\/v2\/pages\/98\/revisions"}],"predecessor-version":[{"id":651,"href":"https:\/\/gtminug.com\/index.php\/wp-json\/wp\/v2\/pages\/98\/revisions\/651"}],"wp:attachment":[{"href":"https:\/\/gtminug.com\/index.php\/wp-json\/wp\/v2\/media?parent=98"}],"curies":[{"name":"wp","href":"https:\/\/api.w.org\/{rel}","templated":true}]}}